{"id":634,"date":"2023-12-01T12:16:31","date_gmt":"2023-12-01T10:16:31","guid":{"rendered":"https:\/\/equimec.de\/?page_id=634"},"modified":"2025-03-31T21:44:17","modified_gmt":"2025-03-31T19:44:17","slug":"pferdetherapie","status":"publish","type":"page","link":"https:\/\/equimec.de\/en_us\/home\/pferdetherapie\/","title":{"rendered":"Equine therapy"},"content":{"rendered":"<p class=\"has-small-font-size\"><a href=\"https:\/\/equimec.de\/en_us\/home\/\">EQUIMEC<\/a> &gt; Equine therapy<\/p>\n\n\n\n<h3 class=\"wp-block-heading\">Therapy and rehabilitation measures for horses<\/h3>\n\n\n\n<p>The therapy and rehabilitation measures used serve to maintain and restore mobility and elasticity throughout the body.<\/p>\n\n\n\n<p>Movement restrictions can be caused by chronic and acute illnesses, injuries, operations and much more. Above all, sudden changes in behavior indicate an imbalance in the horse's organism and should be treated before they manifest.<\/p>\n\n\n\n<p class=\"translation-block\"><a href=\"https:\/\/equimec.de\/en_us\/willkommen-bei-equimec\/indikation\/\" target=\"_self\">Indications<\/a> are a list of signs and situations that indicate a need for treatment.<\/p>\n\n\n\n<p>You can find my effective therapeutic measures at <a href=\"http:\/\/equimec.de\/en_us\/willkommen-bei-equimec\/leistungen\/\">Services<\/a>.<\/p>\n\n\n\n<p>Unter <a href=\"http:\/\/about\">Treatment procedure<\/a>, <a href=\"http:\/\/about\">Preis<\/a> and <a href=\"http:\/\/about\">Qualification<\/a> . <br>For further questions and appointment bookings, please <a href=\"http:\/\/about\">Contact<\/a> us.<\/p>\n\n\n\n<div class=\"wp-block-group alignfull has-text-color has-background\" style=\"color:#000000;background-color:#ffffff\"><div class=\"wp-block-group__inner-container is-layout-flow wp-block-group-is-layout-flow\">\n<p class=\"has-text-align-center has-small-font-size\" style=\"line-height:.9\"><strong>JUST GIVE US A CALL<\/strong><\/p>\n\n\n\n<h2 class=\"wp-block-heading has-text-align-center\" id=\"schedule-a-visit\" style=\"font-size:59px;line-height:1.15\"><strong>Make an appointment<\/strong><\/h2>\n\n\n\n<div class=\"wp-block-buttons is-horizontal is-content-justification-center is-layout-flex wp-container-core-buttons-is-layout-499968f5 wp-block-buttons-is-layout-flex\">\n<div class=\"wp-block-button has-custom-width wp-block-button__width-50\"><a class=\"wp-block-button__link has-text-color has-background wp-element-button\" style=\"border-radius:50px;color:#ffffff;background-color:#000000\">phone call<\/a><\/div>\n<\/div>\n\n\n\n<div style=\"height:64px\" aria-hidden=\"true\" class=\"wp-block-spacer\"><\/div>\n<\/div><\/div>\n\n\n\n<h2 class=\"wp-block-heading has-text-align-center\">Mobile in the greater Bamberg, Burgebrach, Geiselwind, Schl\u00fcsselfeld, Forchheim, Erlangen-H\u00f6chstadt, H\u00f6chstadt, Erlangen, Herzogenaurach, and Nuremberg areas<\/h2>\n\n\n\n<p class=\"has-text-align-center\"><strong>For several horses also further routes bookable:<br>1 hour journey min. 3 horses or 1.5 hour journey min. 4 horses<\/strong><\/p>","protected":false},"excerpt":{"rendered":"<p>EQUIMEC &gt; Pferdetherapie Therapie- und Rehama\u00dfnahmen f\u00fcr Pferde Die eingesetzten Therapie- und Rehama\u00dfnahmen dienen zum Erhalt und zur Wiederherstellung von<\/p>","protected":false},"author":1,"featured_media":531,"parent":110,"menu_order":30,"comment_status":"closed","ping_status":"closed","template":"","meta":{"om_disable_all_campaigns":false,"_monsterinsights_skip_tracking":false,"_monsterinsights_sitenote_active":false,"_monsterinsights_sitenote_note":"","_monsterinsights_sitenote_category":0,"footnotes":""},"class_list":["post-634","page","type-page","status-publish","has-post-thumbnail","hentry"],"aioseo_notices":[],"_links":{"self":[{"href":"https:\/\/equimec.de\/en_us\/wp-json\/wp\/v2\/pages\/634","targetHints":{"allow":["GET"]}}],"collection":[{"href":"https:\/\/equimec.de\/en_us\/wp-json\/wp\/v2\/pages"}],"about":[{"href":"https:\/\/equimec.de\/en_us\/wp-json\/wp\/v2\/types\/page"}],"author":[{"embeddable":true,"href":"https:\/\/equimec.de\/en_us\/wp-json\/wp\/v2\/users\/1"}],"replies":[{"embeddable":true,"href":"https:\/\/equimec.de\/en_us\/wp-json\/wp\/v2\/comments?post=634"}],"version-history":[{"count":11,"href":"https:\/\/equimec.de\/en_us\/wp-json\/wp\/v2\/pages\/634\/revisions"}],"predecessor-version":[{"id":963,"href":"https:\/\/equimec.de\/en_us\/wp-json\/wp\/v2\/pages\/634\/revisions\/963"}],"up":[{"embeddable":true,"href":"https:\/\/equimec.de\/en_us\/wp-json\/wp\/v2\/pages\/110"}],"wp:featuredmedia":[{"embeddable":true,"href":"https:\/\/equimec.de\/en_us\/wp-json\/wp\/v2\/media\/531"}],"wp:attachment":[{"href":"https:\/\/equimec.de\/en_us\/wp-json\/wp\/v2\/media?parent=634"}],"curies":[{"name":"wp","href":"https:\/\/api.w.org\/{rel}","templated":true}]}}