{"id":443,"date":"2023-07-25T15:01:26","date_gmt":"2023-07-25T13:01:26","guid":{"rendered":"https:\/\/equimec.de\/?page_id=443"},"modified":"2025-03-31T20:50:57","modified_gmt":"2025-03-31T18:50:57","slug":"thermographie","status":"publish","type":"page","link":"https:\/\/equimec.de\/en_us\/home\/leistungen\/therapiegeraete\/thermographie\/","title":{"rendered":"Thermographie"},"content":{"rendered":"<p class=\"has-small-font-size\"><a href=\"https:\/\/equimec.de\/en_us\/home\/\">EQUIMEC<\/a> > <a href=\"https:\/\/equimec.de\/en_us\/pferdetherapie\/\">Equine therapy<\/a> > <a href=\"https:\/\/equimec.de\/en_us\/home\/leistungen\/\">Services<\/a> > <a href=\"https:\/\/equimec.de\/en_us\/home\/leistungen\/therapiegeraete\/\" title=\"therapy devices\">therapy devices<\/a> > Pferdethermographie<\/p>\n\n\n\n<p>Equine thermography enables us to investigate the causes:<\/p>\n\n\n\n<ul class=\"wp-block-list\">\n<li>Acute inflammation&nbsp;<\/li>\n\n\n\n<li>Problems in the tendon and ligament apparatus<\/li>\n\n\n\n<li>Acute athroses&nbsp;<\/li>\n\n\n\n<li>Overloading&nbsp;<\/li>\n\n\n\n<li>Metabolic problems<\/li>\n\n\n\n<li>Circulatory disorders<\/li>\n\n\n\n<li>Problems with the jaw and teeth<\/li>\n\n\n\n<li>Problems in the hoof area (laminitis, hoof abscess)<\/li>\n<\/ul>\n\n\n\n<p>can be visualized and treated at an early stage.&nbsp;<\/p>\n\n\n\n<p>Thermography helps to monitor rehabilitation training after successful therapy and thus prevent further overloading. The rehabilitation training can be optimally adapted.&nbsp;<\/p>\n\n\n\n<p><strong>Equine thermography complete:<br>165 Euro<\/strong><br>includes the complete horse incl. written report.<\/p>\n\n\n\n<hr class=\"wp-block-separator has-alpha-channel-opacity\"\/>\n\n\n\n<h3 class=\"wp-block-heading\">Horse-rider-saddle-concept<\/h3>\n\n\n\n<p>With the help of thermography, a training concept can be created or checked. <br>A saddle check after riding the basic gaits makes it possible to obtain a comprehensive picture of the saddle's accuracy of fit.<br>At the same time, thermography of the rider can disprove or confirm a crookedness of the rider. <br>The exact warm-up phase can be determined for each horse. This prevents micro-damage to the connective tissue.<\/p>\n\n\n\n<p><strong>Horse-rider-saddle-concept:<br>190 Euro<\/strong><br>includes the complete horse before and after the ride, <br>pictures during the ride to document the exact warm-up phase of the horse,<br>pictures after the ride of the rider, saddle, the complete horse<br>incl. written report.<\/p>","protected":false},"excerpt":{"rendered":"<p>EQUIMEC > Pferdetherapie > Leistungen > Therapieger\u00e4te > Pferdethermographie Die Pferdethermografie erm\u00f6glicht uns auf Ursachenforschung zu gehen: k\u00f6nnen dargestellt und<\/p>","protected":false},"author":1,"featured_media":542,"parent":202,"menu_order":7,"comment_status":"closed","ping_status":"closed","template":"","meta":{"om_disable_all_campaigns":false,"_monsterinsights_skip_tracking":false,"_monsterinsights_sitenote_active":false,"_monsterinsights_sitenote_note":"","_monsterinsights_sitenote_category":0,"footnotes":""},"class_list":["post-443","page","type-page","status-publish","has-post-thumbnail","hentry"],"aioseo_notices":[],"_links":{"self":[{"href":"https:\/\/equimec.de\/en_us\/wp-json\/wp\/v2\/pages\/443","targetHints":{"allow":["GET"]}}],"collection":[{"href":"https:\/\/equimec.de\/en_us\/wp-json\/wp\/v2\/pages"}],"about":[{"href":"https:\/\/equimec.de\/en_us\/wp-json\/wp\/v2\/types\/page"}],"author":[{"embeddable":true,"href":"https:\/\/equimec.de\/en_us\/wp-json\/wp\/v2\/users\/1"}],"replies":[{"embeddable":true,"href":"https:\/\/equimec.de\/en_us\/wp-json\/wp\/v2\/comments?post=443"}],"version-history":[{"count":15,"href":"https:\/\/equimec.de\/en_us\/wp-json\/wp\/v2\/pages\/443\/revisions"}],"predecessor-version":[{"id":1079,"href":"https:\/\/equimec.de\/en_us\/wp-json\/wp\/v2\/pages\/443\/revisions\/1079"}],"up":[{"embeddable":true,"href":"https:\/\/equimec.de\/en_us\/wp-json\/wp\/v2\/pages\/202"}],"wp:featuredmedia":[{"embeddable":true,"href":"https:\/\/equimec.de\/en_us\/wp-json\/wp\/v2\/media\/542"}],"wp:attachment":[{"href":"https:\/\/equimec.de\/en_us\/wp-json\/wp\/v2\/media?parent=443"}],"curies":[{"name":"wp","href":"https:\/\/api.w.org\/{rel}","templated":true}]}}