{"id":421,"date":"2023-07-25T14:58:56","date_gmt":"2023-07-25T12:58:56","guid":{"rendered":"https:\/\/equimec.de\/?page_id=421"},"modified":"2025-03-31T20:50:12","modified_gmt":"2025-03-31T18:50:12","slug":"bemer-2","status":"publish","type":"page","link":"https:\/\/equimec.de\/en_us\/home\/leistungen\/therapiegeraete\/bemer-2\/","title":{"rendered":"Bemer"},"content":{"rendered":"<p class=\"has-small-font-size\"><a href=\"https:\/\/equimec.de\/en_us\/home\/\">EQUIMEC<\/a> > <a href=\"https:\/\/equimec.de\/en_us\/pferdetherapie\/\">Equine therapy<\/a> > <a href=\"https:\/\/equimec.de\/en_us\/home\/leistungen\/\">Services<\/a> > <a href=\"https:\/\/equimec.de\/en_us\/home\/leistungen\/mobile-rehapraxis\/\">therapy devices<\/a> > BEMER<\/p>\n\n\n\n<h3 class=\"wp-block-heading\"><strong>Vascular therapy<\/strong><\/h3>\n\n\n\n<h4 class=\"wp-block-heading\"><strong>Indications<\/strong><\/h4>\n\n\n\n<ul class=\"wp-block-list\">\n<li>Effective improvement of microcirculation in the vascular system<\/li>\n\n\n\n<li>Support of the immune system<\/li>\n\n\n\n<li>Support of the metabolism<\/li>\n\n\n\n<li>Strengthening the ability to react<\/li>\n\n\n\n<li>Better supply of organs and tissues<\/li>\n\n\n\n<li>Increased physical and mental performance<\/li>\n\n\n\n<li>Reduction of the risk of sports injuries<\/li>\n\n\n\n<li>Shortening of regeneration times in sports training\n<ul class=\"wp-block-list\">\n<li>after operations<\/li>\n\n\n\n<li>bone fractures&nbsp;<\/li>\n\n\n\n<li>soft tissue injuries (pastern, tendon, ligament, joint capsule injuries)<br><\/li>\n<\/ul>\n<\/li>\n\n\n\n<li>Improvement of restricted joint mobility (post-traumatic, after immobilization, osteoarthritis, compensatory posture)<\/li>\n\n\n\n<li>Supporting the healing of wounds and sports injuries<\/li>\n<\/ul>","protected":false},"excerpt":{"rendered":"<p>EQUIMEC > Pferdetherapie > Leistungen > Therapieger\u00e4te > BEMER Gef\u00e4\u00dftherapie Indikationen<\/p>","protected":false},"author":1,"featured_media":536,"parent":202,"menu_order":6,"comment_status":"closed","ping_status":"closed","template":"","meta":{"om_disable_all_campaigns":false,"_monsterinsights_skip_tracking":false,"_monsterinsights_sitenote_active":false,"_monsterinsights_sitenote_note":"","_monsterinsights_sitenote_category":0,"footnotes":""},"class_list":["post-421","page","type-page","status-publish","has-post-thumbnail","hentry"],"aioseo_notices":[],"_links":{"self":[{"href":"https:\/\/equimec.de\/en_us\/wp-json\/wp\/v2\/pages\/421","targetHints":{"allow":["GET"]}}],"collection":[{"href":"https:\/\/equimec.de\/en_us\/wp-json\/wp\/v2\/pages"}],"about":[{"href":"https:\/\/equimec.de\/en_us\/wp-json\/wp\/v2\/types\/page"}],"author":[{"embeddable":true,"href":"https:\/\/equimec.de\/en_us\/wp-json\/wp\/v2\/users\/1"}],"replies":[{"embeddable":true,"href":"https:\/\/equimec.de\/en_us\/wp-json\/wp\/v2\/comments?post=421"}],"version-history":[{"count":9,"href":"https:\/\/equimec.de\/en_us\/wp-json\/wp\/v2\/pages\/421\/revisions"}],"predecessor-version":[{"id":1078,"href":"https:\/\/equimec.de\/en_us\/wp-json\/wp\/v2\/pages\/421\/revisions\/1078"}],"up":[{"embeddable":true,"href":"https:\/\/equimec.de\/en_us\/wp-json\/wp\/v2\/pages\/202"}],"wp:featuredmedia":[{"embeddable":true,"href":"https:\/\/equimec.de\/en_us\/wp-json\/wp\/v2\/media\/536"}],"wp:attachment":[{"href":"https:\/\/equimec.de\/en_us\/wp-json\/wp\/v2\/media?parent=421"}],"curies":[{"name":"wp","href":"https:\/\/api.w.org\/{rel}","templated":true}]}}