{"id":269,"date":"2023-07-24T15:44:15","date_gmt":"2023-07-24T13:44:15","guid":{"rendered":"https:\/\/equimec.de\/?page_id=269"},"modified":"2025-03-31T17:50:40","modified_gmt":"2025-03-31T15:50:40","slug":"behandlungsablauf","status":"publish","type":"page","link":"https:\/\/equimec.de\/en_us\/home\/behandlungsablauf\/","title":{"rendered":"Treatment procedure"},"content":{"rendered":"<p class=\"has-small-font-size\"><a href=\"https:\/\/equimec.de\/en_us\/home\/\">EQUIMEC<\/a> &gt; <a href=\"https:\/\/equimec.de\/en_us\/pferdetherapie\/\">Equine therapy<\/a> &gt; Treatment procedure<\/p>\n\n\n\n<p>In order to be able to create an individual treatment plan for your horse, a diagnosis is necessary.&nbsp;<\/p>\n\n\n\n<h3 class=\"wp-block-heading\"><strong>The following points are included for this purpose:<\/strong><\/h3>\n\n\n\n<ul class=\"wp-block-list\">\n<li>Anamnesis sheet (medical and personal history of the horse)<\/li>\n\n\n\n<li>Gait analysis, if necessary gait analysis under the rider<\/li>\n\n\n\n<li>Profile analysis (incl. conformation assessment and check of dental condition)<\/li>\n\n\n\n<li>Palpation analysis (for heat, pain, muscle tension and\/or blockages)<\/li>\n\n\n\n<li>Trigger point test<\/li>\n\n\n\n<li>Equipment check for abnormalities that may be caused by equipment<\/li>\n\n\n\n<li>Joint function test for mobility and pain&nbsp;<\/li>\n<\/ul>\n\n\n\n<h3 class=\"wp-block-heading\"><strong>Treatment:&nbsp;<\/strong><\/h3>\n\n\n\n<ul class=\"wp-block-list\">\n<li class=\"translation-block\"><a href=\"https:\/\/equimec.de\/en_us\/home\/leistungen\/mobile-rehapraxis\/matrix-rhythmus-therapie\/\" target=\"_self\">Matrix rhythm therapy<\/a> for tissue optimization<\/li>\n\n\n\n<li class=\"translation-block\"><a href=\"https:\/\/equimec.de\/en_us\/home\/leistungen\/mobile-rehapraxis\/magnawave-2\/\" target=\"_self\">Magna-Wave<\/a>-High-performance magnetic field<\/li>\n\n\n\n<li>Acupuncture \/ Dry needling<\/li>\n\n\n\n<li>individuelle Therapie nach Befunderhebung&nbsp;(<a href=\"https:\/\/equimec.de\/en_us\/home\/leistungen\/physiotherapie\/\">Physiotherapy<\/a>, <a href=\"https:\/\/equimec.de\/en_us\/home\/leistungen\/osteopathie\/\">Osteopathy<\/a>, <a href=\"https:\/\/equimec.de\/en_us\/home\/leistungen\/chiropraktiker\/\">Chiropractic<\/a>, <a href=\"https:\/\/equimec.de\/en_us\/home\/leistungen\/dorntherapie\/\">Dorn Therapy<\/a>)<\/li>\n\n\n\n<li class=\"translation-block\">Concluding discussion with the owner (therapy options for prevention, <a href=\"https:\/\/equimec.de\/en_us\/home\/leistungen\/rehapraxis\/\" target=\"_self\">rehabilitation<\/a> or gentle performance enhancement are discussed)<\/li>\n<\/ul>\n\n\n\n<h3 class=\"wp-block-heading\"><strong>Your contribution to successful treatment:<\/strong><\/h3>\n\n\n\n<p>You should allow about 2 hours for the initial examination.<\/p>\n\n\n\n<p>A calm and relaxed environment and a firm surface facilitate the treatment.&nbsp;<\/p>\n\n\n\n<p>Depending on the findings, follow-up treatment may be useful or even necessary.<\/p>","protected":false},"excerpt":{"rendered":"<p>EQUIMEC &gt; Pferdetherapie &gt; Behandlungsablauf Um einen individuellen Behandlungsplan f\u00fcr Ihr Pferd erstellen zu k\u00f6nnen, ist eine Befunderhebung n\u00f6tig.&nbsp; Hierf\u00fcr<\/p>","protected":false},"author":1,"featured_media":1013,"parent":110,"menu_order":4,"comment_status":"closed","ping_status":"closed","template":"","meta":{"om_disable_all_campaigns":false,"_monsterinsights_skip_tracking":false,"_monsterinsights_sitenote_active":false,"_monsterinsights_sitenote_note":"","_monsterinsights_sitenote_category":0,"footnotes":""},"class_list":["post-269","page","type-page","status-publish","has-post-thumbnail","hentry"],"aioseo_notices":[],"_links":{"self":[{"href":"https:\/\/equimec.de\/en_us\/wp-json\/wp\/v2\/pages\/269","targetHints":{"allow":["GET"]}}],"collection":[{"href":"https:\/\/equimec.de\/en_us\/wp-json\/wp\/v2\/pages"}],"about":[{"href":"https:\/\/equimec.de\/en_us\/wp-json\/wp\/v2\/types\/page"}],"author":[{"embeddable":true,"href":"https:\/\/equimec.de\/en_us\/wp-json\/wp\/v2\/users\/1"}],"replies":[{"embeddable":true,"href":"https:\/\/equimec.de\/en_us\/wp-json\/wp\/v2\/comments?post=269"}],"version-history":[{"count":10,"href":"https:\/\/equimec.de\/en_us\/wp-json\/wp\/v2\/pages\/269\/revisions"}],"predecessor-version":[{"id":900,"href":"https:\/\/equimec.de\/en_us\/wp-json\/wp\/v2\/pages\/269\/revisions\/900"}],"up":[{"embeddable":true,"href":"https:\/\/equimec.de\/en_us\/wp-json\/wp\/v2\/pages\/110"}],"wp:featuredmedia":[{"embeddable":true,"href":"https:\/\/equimec.de\/en_us\/wp-json\/wp\/v2\/media\/1013"}],"wp:attachment":[{"href":"https:\/\/equimec.de\/en_us\/wp-json\/wp\/v2\/media?parent=269"}],"curies":[{"name":"wp","href":"https:\/\/api.w.org\/{rel}","templated":true}]}}