{"id":206,"date":"2023-07-23T18:02:12","date_gmt":"2023-07-23T18:02:12","guid":{"rendered":"https:\/\/equimec.de\/?page_id=206"},"modified":"2025-03-31T20:45:32","modified_gmt":"2025-03-31T18:45:32","slug":"rehastation","status":"publish","type":"page","link":"https:\/\/equimec.de\/en_us\/home\/rehastation\/","title":{"rendered":"Reha Center"},"content":{"rendered":"<p class=\"has-small-font-size\"><a href=\"https:\/\/equimec.de\/en_us\/home\/\">EQUIMEC<\/a> &gt; <a href=\"https:\/\/equimec.de\/en_us\/pferdetherapie\/\">Equine therapy<\/a> &gt; Rehastation NEWSTONE K\u00d6HL RANCH<\/p>\n\n\n\n<h2 class=\"wp-block-heading\">Willkommen auf unserer Rehastation f\u00fcr Pferde!<\/h2>\n\n\n\n<p>Wir betreuen Ihr Pferd mit Fachwissen, Liebe und Leidenschaft.&nbsp;Nach einem Unfall oder Krankheit bieten wir ein Gesamtkonzept an, welches je nach Diagnose und Heilungsdauer mit Reha-Behandlungen angepasst an Ihr&nbsp;Pferd einen optimalen Heilungsprozess erm\u00f6glicht. Nach Freigabe des behandelnden Tierarztes oder der Pferdeklinik ist ein systematisches Aufbautraining durch einen der Trainer vor Ort m\u00f6glich. Dabei k\u00f6nnen die Reha-Ma\u00dfnahmen weiterhin begleitend fortgef\u00fchrt werden, um das jeweilige Gewebe optimal zu unterst\u00fctzen und einen R\u00fcckschritt zu vermeiden.&nbsp;Gerne k\u00f6nnen Sie uns f\u00fcr ein Infogespr\u00e4ch abgestimmt auf Ihr Pferd und dessen Problematik kontaktieren. Wir erstellen einen individuellen&nbsp;Therapieplan, auf Sie und Ihr Pferd angepasst.<\/p>\n\n\n\n<h4 class=\"wp-block-heading\">Einsatzbereiche Rehastation<\/h4>\n\n\n\n<ul class=\"wp-block-list\">\n<li>Verletzungen im Bereich der Sehnen, B\u00e4nder und Fesseltr\u00e4ger<\/li>\n\n\n\n<li>Muskelfaserrisse<\/li>\n\n\n\n<li>Kn\u00f6cherne Strukturen: Br\u00fcche, Fissuren, Arthrosen, Knorpelsch\u00e4den und Knochen\u00f6dem<\/li>\n\n\n\n<li>Infekte und Problematiken der Lunge, Bronchitis, COPD, COB, RAO, Husten, Allergien<\/li>\n\n\n\n<li>Kolikpferde postoperativ<\/li>\n\n\n\n<li>EMS und Cushing Pferde<\/li>\n\n\n\n<li>Magenpferde<\/li>\n\n\n\n<li>Hufrehepferde<\/li>\n<\/ul>\n\n\n\n<hr class=\"wp-block-separator has-alpha-channel-opacity\"\/>\n\n\n\n<h4 class=\"wp-block-heading\"><a href=\"https:\/\/equimec.de\/en_us\/home\/leistungen\/therapiegeraete\/\" title=\"therapy devices\">therapy devices<\/a><\/h4>\n\n\n\n<ul class=\"wp-block-list\">\n<li>PEMF-Therapie (MagnaWave, Equitron)<\/li>\n\n\n\n<li>Matrix-Rhythmus Therapie<\/li>\n\n\n\n<li>MKW Fl\u00e4chenlaser<\/li>\n\n\n\n<li>Amplimove Mittelfrequenzstrom<\/li>\n\n\n\n<li>Bemer Gef\u00e4\u00dftherapie<\/li>\n\n\n\n<li>Thermografie<\/li>\n<\/ul>\n\n\n\n<hr class=\"wp-block-separator has-alpha-channel-opacity\"\/>\n\n\n\n<h4 class=\"wp-block-heading\"><a href=\"https:\/\/equimec.de\/en_us\/home\/leistungen\/therapieformen\/\" title=\"Therapieformen\">Therapieformen<\/a><\/h4>\n\n\n\n<ul class=\"wp-block-list\">\n<li>Physiotherapy<\/li>\n\n\n\n<li>Osteopathy<\/li>\n\n\n\n<li>Chiropractic<\/li>\n\n\n\n<li>Manual therapy<\/li>\n\n\n\n<li>Dorn Therapy<\/li>\n\n\n\n<li>Faszientherapie<\/li>\n\n\n\n<li>Acupuncture<\/li>\n\n\n\n<li>Dry needling<\/li>\n\n\n\n<li>Blutegeltherapie<\/li>\n\n\n\n<li>Futtermittelberatung<\/li>\n<\/ul>\n\n\n\n<hr class=\"wp-block-separator has-alpha-channel-opacity\"\/>\n\n\n\n<h4 class=\"wp-block-heading\">NEWSTONE K\u00d6HL RANCH Rehastation<\/h4>\n\n\n\n<ul class=\"wp-block-list\">\n<li>Solebox<\/li>\n\n\n\n<li>Bedampftes Heu<\/li>\n\n\n\n<li>Boxen mit\/ohne Paddock<\/li>\n\n\n\n<li>S\u00e4gesp\u00e4ne<\/li>\n\n\n\n<li>Mucking out 2 times a day<\/li>\n\n\n\n<li>Hay and concentrated feed 3 times a day<\/li>\n\n\n\n<li>Aufbautraining durch professionelle Trainer vor Ort m\u00f6glich<\/li>\n<\/ul>\n\n\n\n<hr class=\"wp-block-separator has-alpha-channel-opacity\"\/>\n\n\n\n<p>Um den optimalen Therapieerfolg zu erzielen, bekommt Ihr Pferd hochqualitatives Heu, bei Bedarf&nbsp;<strong>bedampft<\/strong>. Zus\u00e4tzlich kann Ihr Pferd, begleitend zum Krankheitsbild, mit&nbsp;<strong>Zusatzfuttermitteln<\/strong>&nbsp;versorgt werden. So verk\u00fcrzen wir die Heilungsphase und geben dem K\u00f6rper optimale Bedingungen f\u00fcr eine schnelle Regeneration. Soweit&nbsp;<strong>Blutbilder<\/strong>&nbsp;vorhanden sind, werden diese hierbei ber\u00fccksichtigt.<\/p>\n\n\n\n<h3 class=\"wp-block-heading\">INDIVIDUELL ANGEPASST AN IHR PFERD<br>AN ALL-ROUND CAREFREE PACKAGE!<\/h3>\n\n\n\n<p>Address of the facility: NEWSTONE K\u00d6HL RANCH | Hohn am Berg 7 | 96132 Schl\u00fcsselfeld<br>Contact persons: Christina Suchy (+49 178-335 40 56) and Julia K\u00f6hl (+49 170-474 90 51)<\/p>\n\n\n\n<figure class=\"wp-block-gallery has-nested-images columns-default is-cropped wp-block-gallery-1 is-layout-flex wp-block-gallery-is-layout-flex\">\n<figure class=\"wp-block-image size-large\"><img loading=\"lazy\" decoding=\"async\" width=\"960\" height=\"529\" data-id=\"743\" src=\"https:\/\/equimec.de\/wp-content\/uploads\/2023\/12\/IMG_6844.jpg\" alt=\"Weiden\" class=\"wp-image-743\" srcset=\"https:\/\/equimec.de\/wp-content\/uploads\/2023\/12\/IMG_6844.jpg 960w, https:\/\/equimec.de\/wp-content\/uploads\/2023\/12\/IMG_6844-300x165.jpg 300w, https:\/\/equimec.de\/wp-content\/uploads\/2023\/12\/IMG_6844-768x423.jpg 768w\" sizes=\"auto, (max-width: 960px) 100vw, 960px\" \/><figcaption class=\"wp-element-caption\">Weiden<\/figcaption><\/figure>\n\n\n\n<figure class=\"wp-block-image size-large\"><img loading=\"lazy\" decoding=\"async\" width=\"960\" height=\"710\" data-id=\"744\" src=\"https:\/\/equimec.de\/wp-content\/uploads\/2023\/12\/IMG_6845.jpg\" alt=\"Stallgasse\" class=\"wp-image-744\" srcset=\"https:\/\/equimec.de\/wp-content\/uploads\/2023\/12\/IMG_6845.jpg 960w, https:\/\/equimec.de\/wp-content\/uploads\/2023\/12\/IMG_6845-300x222.jpg 300w, https:\/\/equimec.de\/wp-content\/uploads\/2023\/12\/IMG_6845-768x568.jpg 768w\" sizes=\"auto, (max-width: 960px) 100vw, 960px\" \/><figcaption class=\"wp-element-caption\">Stallgasse<\/figcaption><\/figure>\n\n\n\n<figure class=\"wp-block-image size-large\"><img loading=\"lazy\" decoding=\"async\" width=\"960\" height=\"475\" data-id=\"745\" src=\"https:\/\/equimec.de\/wp-content\/uploads\/2023\/12\/IMG_6851.jpg\" alt=\"Padocks\" class=\"wp-image-745\" srcset=\"https:\/\/equimec.de\/wp-content\/uploads\/2023\/12\/IMG_6851.jpg 960w, https:\/\/equimec.de\/wp-content\/uploads\/2023\/12\/IMG_6851-300x148.jpg 300w, https:\/\/equimec.de\/wp-content\/uploads\/2023\/12\/IMG_6851-768x380.jpg 768w\" sizes=\"auto, (max-width: 960px) 100vw, 960px\" \/><figcaption class=\"wp-element-caption\">Padocks<\/figcaption><\/figure>\n\n\n\n<figure class=\"wp-block-image size-large\"><img loading=\"lazy\" decoding=\"async\" width=\"827\" height=\"1024\" data-id=\"742\" src=\"https:\/\/equimec.de\/wp-content\/uploads\/2023\/12\/IMG_6837-827x1024.jpg\" alt=\"Einstreu mit Heu\" class=\"wp-image-742\" srcset=\"https:\/\/equimec.de\/wp-content\/uploads\/2023\/12\/IMG_6837-827x1024.jpg 827w, https:\/\/equimec.de\/wp-content\/uploads\/2023\/12\/IMG_6837-242x300.jpg 242w, https:\/\/equimec.de\/wp-content\/uploads\/2023\/12\/IMG_6837-768x950.jpg 768w, https:\/\/equimec.de\/wp-content\/uploads\/2023\/12\/IMG_6837.jpg 960w\" sizes=\"auto, (max-width: 827px) 100vw, 827px\" \/><figcaption class=\"wp-element-caption\">Einstreu mit Heu<\/figcaption><\/figure>\n<\/figure>","protected":false},"excerpt":{"rendered":"<p>EQUIMEC &gt; Pferdetherapie &gt; Rehastation NEWSTONE K\u00d6HL RANCH Willkommen auf unserer Rehastation f\u00fcr Pferde! Wir betreuen Ihr Pferd mit Fachwissen,<\/p>","protected":false},"author":1,"featured_media":209,"parent":110,"menu_order":2,"comment_status":"closed","ping_status":"closed","template":"","meta":{"om_disable_all_campaigns":false,"_monsterinsights_skip_tracking":false,"_monsterinsights_sitenote_active":false,"_monsterinsights_sitenote_note":"","_monsterinsights_sitenote_category":0,"footnotes":""},"class_list":["post-206","page","type-page","status-publish","has-post-thumbnail","hentry"],"aioseo_notices":[],"_links":{"self":[{"href":"https:\/\/equimec.de\/en_us\/wp-json\/wp\/v2\/pages\/206","targetHints":{"allow":["GET"]}}],"collection":[{"href":"https:\/\/equimec.de\/en_us\/wp-json\/wp\/v2\/pages"}],"about":[{"href":"https:\/\/equimec.de\/en_us\/wp-json\/wp\/v2\/types\/page"}],"author":[{"embeddable":true,"href":"https:\/\/equimec.de\/en_us\/wp-json\/wp\/v2\/users\/1"}],"replies":[{"embeddable":true,"href":"https:\/\/equimec.de\/en_us\/wp-json\/wp\/v2\/comments?post=206"}],"version-history":[{"count":21,"href":"https:\/\/equimec.de\/en_us\/wp-json\/wp\/v2\/pages\/206\/revisions"}],"predecessor-version":[{"id":1072,"href":"https:\/\/equimec.de\/en_us\/wp-json\/wp\/v2\/pages\/206\/revisions\/1072"}],"up":[{"embeddable":true,"href":"https:\/\/equimec.de\/en_us\/wp-json\/wp\/v2\/pages\/110"}],"wp:featuredmedia":[{"embeddable":true,"href":"https:\/\/equimec.de\/en_us\/wp-json\/wp\/v2\/media\/209"}],"wp:attachment":[{"href":"https:\/\/equimec.de\/en_us\/wp-json\/wp\/v2\/media?parent=206"}],"curies":[{"name":"wp","href":"https:\/\/api.w.org\/{rel}","templated":true}]}}