{"id":202,"date":"2023-07-23T17:45:02","date_gmt":"2023-07-23T17:45:02","guid":{"rendered":"https:\/\/equimec.de\/?page_id=202"},"modified":"2025-03-31T21:22:04","modified_gmt":"2025-03-31T19:22:04","slug":"therapiegeraete","status":"publish","type":"page","link":"https:\/\/equimec.de\/en_us\/home\/leistungen\/therapiegeraete\/","title":{"rendered":"therapy devices"},"content":{"rendered":"<p class=\"has-small-font-size\"><a href=\"https:\/\/equimec.de\/en_us\/home\/\">EQUIMEC<\/a> &gt; <a href=\"https:\/\/equimec.de\/en_us\/pferdetherapie\/\">Equine therapy<\/a> &gt; <a href=\"https:\/\/equimec.de\/en_us\/home\/leistungen\/\">Services<\/a> &gt; Therapieger\u00e4te<\/p>\n\n\n\n<h2 class=\"wp-block-heading\">Mobile in the greater Bamberg, Burgebrach, Geiselwind, Schl\u00fcsselfeld, Forchheim, Erlangen-H\u00f6chstadt, H\u00f6chstadt, Erlangen, Herzogenaurach, and Nuremberg areas<\/h2>\n\n\n\n<p class=\"has-text-align-center\">For several horses also further routes bookable:<br>1 hour journey min. 3 horses or 1.5 hour journey min. 4 horses<\/p>\n\n\n\n<hr class=\"wp-block-separator has-alpha-channel-opacity\"\/>\n\n\n\n<p><\/p>\n\n\n\n<figure class=\"wp-block-table aligncenter\"><table><tbody><tr><td class=\"has-text-align-left\" data-align=\"left\">PEMF-Therapie<\/td><td class=\"has-text-align-center\" data-align=\"center\"><\/td><\/tr><tr><td class=\"has-text-align-right\" data-align=\"right\"><a href=\"https:\/\/equimec.de\/en_us\/home\/leistungen\/therapiegeraete\/magnawave-2\/\" title=\"MagnaWave\">MagnaWave<\/a><\/td><td class=\"has-text-align-center\" data-align=\"center\"><a href=\"https:\/\/equimec.de\/en_us\/home\/leistungen\/therapiegeraete\/magnawave-2\/\" title=\"MagnaWave\"><img loading=\"lazy\" decoding=\"async\" width=\"189\" height=\"163\" class=\"wp-image-463\" style=\"width: 189px;\" src=\"https:\/\/equimec.de\/wp-content\/uploads\/2023\/07\/magnawave.jpeg\" alt=\"\" srcset=\"https:\/\/equimec.de\/wp-content\/uploads\/2023\/07\/magnawave.jpeg 564w, https:\/\/equimec.de\/wp-content\/uploads\/2023\/07\/magnawave-300x258.jpeg 300w\" sizes=\"auto, (max-width: 189px) 100vw, 189px\" \/><\/a><\/td><\/tr><tr><td class=\"has-text-align-right\" data-align=\"right\"><a href=\"https:\/\/equimec.de\/en_us\/home\/leistungen\/therapiegeraete\/equitron-3\/\" title=\"Equitron\">Equitron<\/a><\/td><td class=\"has-text-align-center\" data-align=\"center\"><a href=\"https:\/\/equimec.de\/en_us\/home\/leistungen\/therapiegeraete\/equitron-3\/\" title=\"Equitron\"><img loading=\"lazy\" decoding=\"async\" width=\"200\" height=\"133\" class=\"wp-image-405\" style=\"width: 200px;\" src=\"https:\/\/equimec.de\/wp-content\/uploads\/2023\/07\/equitron-1.jpeg\" alt=\"\" srcset=\"https:\/\/equimec.de\/wp-content\/uploads\/2023\/07\/equitron-1.jpeg 421w, https:\/\/equimec.de\/wp-content\/uploads\/2023\/07\/equitron-1-300x200.jpeg 300w\" sizes=\"auto, (max-width: 200px) 100vw, 200px\" \/><\/a><\/td><\/tr><tr><td class=\"has-text-align-left\" data-align=\"left\"><a href=\"https:\/\/equimec.de\/en_us\/home\/leistungen\/therapiegeraete\/matrix-rhythmus-therapie\/\" title=\"Matrix-Rhythm-Therapy\">MATRIX Rhythm<sup>\u00a9<\/sup> Therapy<\/a><\/td><td class=\"has-text-align-center\" data-align=\"center\"><a href=\"https:\/\/equimec.de\/en_us\/home\/leistungen\/therapiegeraete\/matrix-rhythmus-therapie\/\" title=\"Matrix-Rhythm-Therapy\"><img loading=\"lazy\" decoding=\"async\" width=\"220\" height=\"123\" class=\"wp-image-406\" style=\"width: 220px;\" src=\"https:\/\/equimec.de\/wp-content\/uploads\/2023\/07\/matrix.jpeg\" alt=\"\" srcset=\"https:\/\/equimec.de\/wp-content\/uploads\/2023\/07\/matrix.jpeg 500w, https:\/\/equimec.de\/wp-content\/uploads\/2023\/07\/matrix-300x168.jpeg 300w\" sizes=\"auto, (max-width: 220px) 100vw, 220px\" \/><\/a><\/td><\/tr><tr><td class=\"has-text-align-left\" data-align=\"left\"><a href=\"https:\/\/equimec.de\/en_us\/home\/leistungen\/therapiegeraete\/mtl-flaechenlaser\/\" title=\"Lasotronic \u2013 MTL-Fl\u00e4chenlaser\">MKW <\/a><a href=\"https:\/\/equimec.de\/en_us\/home\/leistungen\/therapiegeraete\/mkw-flaechenlaser\/\" title=\"Lasotronic \u2013 MTL-Fl\u00e4chenlaser\">Fl\u00e4chenlaser<\/a><\/td><td class=\"has-text-align-center\" data-align=\"center\"><a href=\"https:\/\/equimec.de\/en_us\/home\/leistungen\/therapiegeraete\/mkw-flaechenlaser\/\" title=\"MKW-Fl\u00e4chenlaser\"><img loading=\"lazy\" decoding=\"async\" width=\"250\" height=\"65\" class=\"wp-image-732\" style=\"width: 250px;\" src=\"https:\/\/equimec.de\/wp-content\/uploads\/2023\/12\/mtl.jpg\" alt=\"\" srcset=\"https:\/\/equimec.de\/wp-content\/uploads\/2023\/12\/mtl.jpg 569w, https:\/\/equimec.de\/wp-content\/uploads\/2023\/12\/mtl-300x78.jpg 300w\" sizes=\"auto, (max-width: 250px) 100vw, 250px\" \/><\/a><\/td><\/tr><tr><td class=\"has-text-align-left\" data-align=\"left\"><a href=\"https:\/\/equimec.de\/en_us\/home\/leistungen\/therapiegeraete\/amplimove-2\/\" title=\"Amplimove\">Amplimove<sup>\u00a9<\/sup> - Medium frequency current<\/a><\/td><td class=\"has-text-align-center\" data-align=\"center\"><a href=\"https:\/\/equimec.de\/en_us\/home\/leistungen\/therapiegeraete\/amplimove-2\/\" title=\"Amplimove\"><img loading=\"lazy\" decoding=\"async\" width=\"150\" height=\"150\" class=\"wp-image-403\" style=\"width: 150px;\" src=\"https:\/\/equimec.de\/wp-content\/uploads\/2023\/07\/amplimove.jpeg\" alt=\"\" srcset=\"https:\/\/equimec.de\/wp-content\/uploads\/2023\/07\/amplimove.jpeg 280w, https:\/\/equimec.de\/wp-content\/uploads\/2023\/07\/amplimove-150x150.jpeg 150w\" sizes=\"auto, (max-width: 150px) 100vw, 150px\" \/><\/a><\/td><\/tr><tr><td class=\"has-text-align-left translation-block\" data-align=\"left\"><a href=\"https:\/\/bemergroup.com\/en_US\/equine-line\/home\" target=\"_blank\" rel=\"noreferrer noopener\">BEMER<sup>\u00a9<\/sup>Vascular therapy<\/a><\/td><td class=\"has-text-align-center\" data-align=\"center\"><a href=\"https:\/\/equimec.de\/en_us\/home\/leistungen\/therapiegeraete\/bemer-2\/\" title=\"Bemer\"><img loading=\"lazy\" decoding=\"async\" width=\"150\" height=\"113\" class=\"wp-image-404\" style=\"width: 150px;\" src=\"https:\/\/equimec.de\/wp-content\/uploads\/2023\/07\/bemer.jpeg\" alt=\"\" srcset=\"https:\/\/equimec.de\/wp-content\/uploads\/2023\/07\/bemer.jpeg 1022w, https:\/\/equimec.de\/wp-content\/uploads\/2023\/07\/bemer-300x225.jpeg 300w, https:\/\/equimec.de\/wp-content\/uploads\/2023\/07\/bemer-768x577.jpeg 768w\" sizes=\"auto, (max-width: 150px) 100vw, 150px\" \/><\/a><\/td><\/tr><tr><td class=\"has-text-align-left\" data-align=\"left\"><a href=\"https:\/\/equimec.de\/en_us\/home\/leistungen\/therapiegeraete\/thermographie\/\" title=\"Thermographie\">Thermografie<\/a><\/td><td class=\"has-text-align-center\" data-align=\"center\"><a href=\"https:\/\/equimec.de\/en_us\/home\/leistungen\/therapiegeraete\/thermographie\/\" title=\"Thermographie\"><img loading=\"lazy\" decoding=\"async\" width=\"150\" height=\"56\" class=\"wp-image-542\" style=\"width: 150px;\" src=\"https:\/\/equimec.de\/wp-content\/uploads\/2023\/09\/h-thermo.jpg\" alt=\"\" srcset=\"https:\/\/equimec.de\/wp-content\/uploads\/2023\/09\/h-thermo.jpg 1920w, https:\/\/equimec.de\/wp-content\/uploads\/2023\/09\/h-thermo-300x113.jpg 300w, https:\/\/equimec.de\/wp-content\/uploads\/2023\/09\/h-thermo-1024x384.jpg 1024w, https:\/\/equimec.de\/wp-content\/uploads\/2023\/09\/h-thermo-768x288.jpg 768w, https:\/\/equimec.de\/wp-content\/uploads\/2023\/09\/h-thermo-1536x576.jpg 1536w\" sizes=\"auto, (max-width: 150px) 100vw, 150px\" \/><\/a><\/td><\/tr><\/tbody><\/table><\/figure>\n\n\n\n<p><\/p>","protected":false},"excerpt":{"rendered":"<p>EQUIMEC &gt; Pferdetherapie &gt; Leistungen &gt; Therapieger\u00e4te Mobil im Gro\u00dfraum Bamberg, Burgebrach, Geiselwind, Schl\u00fcsselfeld, Forchheim, Erlangen-H\u00f6chstadt, H\u00f6chstadt, Erlangen, Herzogenaurach, und<\/p>","protected":false},"author":1,"featured_media":534,"parent":1047,"menu_order":1,"comment_status":"closed","ping_status":"closed","template":"","meta":{"om_disable_all_campaigns":false,"_monsterinsights_skip_tracking":false,"_monsterinsights_sitenote_active":false,"_monsterinsights_sitenote_note":"","_monsterinsights_sitenote_category":0,"footnotes":""},"class_list":["post-202","page","type-page","status-publish","has-post-thumbnail","hentry"],"aioseo_notices":[],"_links":{"self":[{"href":"https:\/\/equimec.de\/en_us\/wp-json\/wp\/v2\/pages\/202","targetHints":{"allow":["GET"]}}],"collection":[{"href":"https:\/\/equimec.de\/en_us\/wp-json\/wp\/v2\/pages"}],"about":[{"href":"https:\/\/equimec.de\/en_us\/wp-json\/wp\/v2\/types\/page"}],"author":[{"embeddable":true,"href":"https:\/\/equimec.de\/en_us\/wp-json\/wp\/v2\/users\/1"}],"replies":[{"embeddable":true,"href":"https:\/\/equimec.de\/en_us\/wp-json\/wp\/v2\/comments?post=202"}],"version-history":[{"count":32,"href":"https:\/\/equimec.de\/en_us\/wp-json\/wp\/v2\/pages\/202\/revisions"}],"predecessor-version":[{"id":1095,"href":"https:\/\/equimec.de\/en_us\/wp-json\/wp\/v2\/pages\/202\/revisions\/1095"}],"up":[{"embeddable":true,"href":"https:\/\/equimec.de\/en_us\/wp-json\/wp\/v2\/pages\/1047"}],"wp:featuredmedia":[{"embeddable":true,"href":"https:\/\/equimec.de\/en_us\/wp-json\/wp\/v2\/media\/534"}],"wp:attachment":[{"href":"https:\/\/equimec.de\/en_us\/wp-json\/wp\/v2\/media?parent=202"}],"curies":[{"name":"wp","href":"https:\/\/api.w.org\/{rel}","templated":true}]}}