{"id":66,"date":"2023-07-22T13:56:40","date_gmt":"2023-07-22T13:56:40","guid":{"rendered":"https:\/\/equimec.de\/?page_id=66"},"modified":"2024-03-01T11:06:18","modified_gmt":"2024-03-01T09:06:18","slug":"qualifikation","status":"publish","type":"page","link":"https:\/\/equimec.de\/de_de\/home\/qualifikation\/","title":{"rendered":"Qualifikation"},"content":{"rendered":"\n<p class=\"has-small-font-size\"><a href=\"http:\/\/www.equimec.de\">EQUIMEC<\/a> &gt; <a href=\"https:\/\/equimec.de\/pferdetherapie\/\">Pferdetherapie<\/a> &gt; Qualifikation<\/p>\n\n\n\n<p>Schon von Kindesbeinen an faszinieren mich diese wunderbaren Tiere.&nbsp;\u00dcber die Jahre hinweg durfte ich bei vielen guten Pferdetrainern lernen und entwickelte mich zusammen mit den Pferden in unterschiedlichen Reitstilen.<\/p>\n\n\n\n<p>Dabei hat sich f\u00fcr mich folgende Erkenntnis ergeben:<\/p>\n\n\n\n<figure class=\"wp-block-pullquote\"><blockquote><p>Es kommt nicht auf die Reitweise, sondern auf die <br>Art der Gymnastizierung an. <br>Diese muss individuell passend f\u00fcr das jeweilige Pferd sein!<\/p><\/blockquote><\/figure>\n\n\n\n<p class=\"has-text-align-left\">Mit diesem Hintergrund packte mich die Thematik der Biomechanik und vor allem auch mit dem Gedanken unsere eigene Nachzucht in der Ausbildung zu unterst\u00fctzen, machte ich <\/p>\n\n\n\n<p class=\"has-text-align-left has-medium-font-size\">die <strong>Ausbildung zur <a href=\"https:\/\/equimec.de\/home\/leistungen\/physiotherapie\/\">Pferdephysiotherapeutin<\/a><\/strong>\u00a0beim <strong><a href=\"http:\/\/www.osteopathiezentrum.de\/\" target=\"_blank\" rel=\"noreferrer noopener\">DIPO (Deutsches Institut f\u00fcr Pferdeostepathie)<\/a><\/strong>.<\/p>\n\n\n\n<p class=\"has-medium-font-size\">Die\u00a0<strong>Ausbildung im Bereich <a href=\"https:\/\/equimec.de\/home\/leistungen\/manuelle-therapie\/\">Manuelle Therapien<\/a><\/strong>\u00a0f\u00fcr Pferde <\/p>\n\n\n\n<p>war der n\u00e4chste sinnvolle Schritt um eine ganzheitliche Behandlung m\u00f6glich zu machen.&nbsp;<\/p>\n\n\n\n<p>Die Faszination f\u00fcr die Pferde sowie f\u00fcr die Anatomie, Biomechanik und Funktionallit\u00e4t des K\u00f6rpers lie\u00df etliche Aus- und Fortbildungen folgen unter anderem:<\/p>\n\n\n\n<ul class=\"wp-block-list\">\n<li><a href=\"https:\/\/equimec.de\/home\/leistungen\/osteopathie\/\">Ostheopathie<\/a> (Viszerale, Kraniokakraltherapie, Parietale)<\/li>\n\n\n\n<li>ITC-Instrumentale Tierchiropraktik<\/li>\n\n\n\n<li><a href=\"https:\/\/equimec.de\/home\/leistungen\/chiropraktiker\/\">Chiropraktik<\/a><\/li>\n\n\n\n<li><a href=\"https:\/\/equimec.de\/home\/leistungen\/dorntherapie\/\">Dorntherapie<\/a><\/li>\n\n\n\n<li>Dry Needling<\/li>\n\n\n\n<li>Akupunktur<\/li>\n\n\n\n<li><a href=\"https:\/\/equimec.de\/home\/leistungen\/pferdethermographie\/\">Thermografie f\u00fcr Pferde<\/a><\/li>\n\n\n\n<li>Anatomie Symposien an der <a href=\"https:\/\/www.vetmed.uni-leipzig.de\/klinik-fuer-pferde\" target=\"_blank\" rel=\"noreferrer noopener\">Uni Leipzig<\/a><\/li>\n\n\n\n<li>Fortbildung im Bereich Lahmheitsdiagnostik bei diversen Tier\u00e4rzten<\/li>\n\n\n\n<li><a href=\"https:\/\/equimec.de\/home\/leistungen\/unabhaengige-futterberatung\/\">Futterexpertenausbildung<\/a> speziell f\u00fcr Zivilisationskrankheiten bei <a href=\"http:\/\/www.christinafritz.de\" target=\"_blank\" rel=\"noreferrer noopener\">Christina Fritz<\/a><\/li>\n\n\n\n<li>Futtermittelfortbildung bei <a href=\"https:\/\/www.futterberatung-roehm.de\" target=\"_blank\" rel=\"noreferrer noopener\">Conny R\u00f6hm<\/a><\/li>\n\n\n\n<li>Blutbildanalsysen bei Tierheilpraktiker*innen und Tier\u00e4rzt*innen<\/li>\n\n\n\n<li>Kinesio-Taping<\/li>\n\n\n\n<li>Hufpflegelehrgang bei <a href=\"https:\/\/www.besw.de\" target=\"_blank\" rel=\"noreferrer noopener\">BESW<\/a><\/li>\n<\/ul>\n","protected":false},"excerpt":{"rendered":"<p>EQUIMEC &gt; Pferdetherapie &gt; Qualifikation Schon von Kindesbeinen an faszinieren mich diese wunderbaren Tiere.&nbsp;\u00dcber die Jahre hinweg durfte ich bei<\/p>\n","protected":false},"author":1,"featured_media":1011,"parent":110,"menu_order":5,"comment_status":"closed","ping_status":"closed","template":"","meta":{"om_disable_all_campaigns":false,"_monsterinsights_skip_tracking":false,"_monsterinsights_sitenote_active":false,"_monsterinsights_sitenote_note":"","_monsterinsights_sitenote_category":0,"footnotes":""},"class_list":["post-66","page","type-page","status-publish","has-post-thumbnail","hentry"],"aioseo_notices":[],"_links":{"self":[{"href":"https:\/\/equimec.de\/de_de\/wp-json\/wp\/v2\/pages\/66","targetHints":{"allow":["GET"]}}],"collection":[{"href":"https:\/\/equimec.de\/de_de\/wp-json\/wp\/v2\/pages"}],"about":[{"href":"https:\/\/equimec.de\/de_de\/wp-json\/wp\/v2\/types\/page"}],"author":[{"embeddable":true,"href":"https:\/\/equimec.de\/de_de\/wp-json\/wp\/v2\/users\/1"}],"replies":[{"embeddable":true,"href":"https:\/\/equimec.de\/de_de\/wp-json\/wp\/v2\/comments?post=66"}],"version-history":[{"count":19,"href":"https:\/\/equimec.de\/de_de\/wp-json\/wp\/v2\/pages\/66\/revisions"}],"predecessor-version":[{"id":902,"href":"https:\/\/equimec.de\/de_de\/wp-json\/wp\/v2\/pages\/66\/revisions\/902"}],"up":[{"embeddable":true,"href":"https:\/\/equimec.de\/de_de\/wp-json\/wp\/v2\/pages\/110"}],"wp:featuredmedia":[{"embeddable":true,"href":"https:\/\/equimec.de\/de_de\/wp-json\/wp\/v2\/media\/1011"}],"wp:attachment":[{"href":"https:\/\/equimec.de\/de_de\/wp-json\/wp\/v2\/media?parent=66"}],"curies":[{"name":"wp","href":"https:\/\/api.w.org\/{rel}","templated":true}]}}