{"id":634,"date":"2023-12-01T12:16:31","date_gmt":"2023-12-01T10:16:31","guid":{"rendered":"https:\/\/equimec.de\/?page_id=634"},"modified":"2025-03-31T21:44:17","modified_gmt":"2025-03-31T19:44:17","slug":"pferdetherapie","status":"publish","type":"page","link":"https:\/\/equimec.de\/de_de\/home\/pferdetherapie\/","title":{"rendered":"Pferdetherapie"},"content":{"rendered":"\n<p class=\"has-small-font-size\"><a href=\"http:\/\/www.equimec.de\">EQUIMEC<\/a> &gt; Pferdetherapie<\/p>\n\n\n\n<h3 class=\"wp-block-heading\">Therapie- und Rehama\u00dfnahmen f\u00fcr Pferde<\/h3>\n\n\n\n<p>Die eingesetzten Therapie- und Rehama\u00dfnahmen dienen zum Erhalt und zur Wiederherstellung von Mobilit\u00e4t und Elastizit\u00e4t im gesamten K\u00f6rper.<\/p>\n\n\n\n<p>Bewegungseinschr\u00e4nkungen k\u00f6nnen durch chronische sowie akute Erkrankungen, Verletzungen, Operationen und vielem mehr entstehen. Vor allem pl\u00f6tzliche Ver\u00e4nderungen im Verhalten weisen auf ein Ungleichgewicht im Organismus des Pferdes hin und sollten vor Manifestierenden behandelt werden.<\/p>\n\n\n\n<p>Unter <a href=\"https:\/\/equimec.de\/willkommen-bei-equimec\/indikation\/\">Indikationen<\/a> sind Anzeichen und Situationen aufgelistet, die eine Notwendigkeit zur Behandlung aufzeigen.<\/p>\n\n\n\n<p>Meine wirkungsvollen therapeutischen Ma\u00dfnahmen finden Sie unter <a href=\"http:\/\/equimec.de\/willkommen-bei-equimec\/leistungen\/\">Leistungen<\/a>.<\/p>\n\n\n\n<p>Unter <a href=\"http:\/\/about\">Behandlungsablauf<\/a>, <a href=\"http:\/\/about\">Preis<\/a> und <a href=\"http:\/\/about\">Qualifikation<\/a> finden Sie genauere Informationen. <br>F\u00fcr weitere Fragen und Terminbuchungen nehmen Sie gerne <a href=\"http:\/\/about\">Kontakt<\/a> mit mit auf.<\/p>\n\n\n\n<div class=\"wp-block-group alignfull has-text-color has-background\" style=\"color:#000000;background-color:#ffffff\"><div class=\"wp-block-group__inner-container is-layout-flow wp-block-group-is-layout-flow\">\n<p class=\"has-text-align-center has-small-font-size\" style=\"line-height:.9\"><strong>RUFEN SIE EINFACH AN<\/strong><\/p>\n\n\n\n<h2 class=\"wp-block-heading has-text-align-center\" id=\"schedule-a-visit\" style=\"font-size:59px;line-height:1.15\"><strong>Vereinbaren Sie einen Termin<\/strong><\/h2>\n\n\n\n<div class=\"wp-block-buttons is-horizontal is-content-justification-center is-layout-flex wp-container-core-buttons-is-layout-499968f5 wp-block-buttons-is-layout-flex\">\n<div class=\"wp-block-button has-custom-width wp-block-button__width-50\"><a class=\"wp-block-button__link has-text-color has-background wp-element-button\" style=\"border-radius:50px;color:#ffffff;background-color:#000000\">anrufen<\/a><\/div>\n<\/div>\n\n\n\n<div style=\"height:64px\" aria-hidden=\"true\" class=\"wp-block-spacer\"><\/div>\n<\/div><\/div>\n\n\n\n<h2 class=\"wp-block-heading has-text-align-center\">Mobil im Gro\u00dfraum Bamberg, Burgebrach, Geiselwind, Schl\u00fcsselfeld, Forchheim, Erlangen-H\u00f6chstadt, H\u00f6chstadt, Erlangen, Herzogenaurach, und N\u00fcrnberg<\/h2>\n\n\n\n<p class=\"has-text-align-center\"><strong>F\u00fcr mehrere Pferde sind auch weitere Strecken buchbar:<br>1 Std. Anfahrt min. 3 Pferde, 1,5 Stunden Anfahrt min. 4 Pferde<\/strong><\/p>\n","protected":false},"excerpt":{"rendered":"<p>EQUIMEC &gt; Pferdetherapie Therapie- und Rehama\u00dfnahmen f\u00fcr Pferde Die eingesetzten Therapie- und Rehama\u00dfnahmen dienen zum Erhalt und zur Wiederherstellung von<\/p>\n","protected":false},"author":1,"featured_media":531,"parent":110,"menu_order":30,"comment_status":"closed","ping_status":"closed","template":"","meta":{"om_disable_all_campaigns":false,"_monsterinsights_skip_tracking":false,"_monsterinsights_sitenote_active":false,"_monsterinsights_sitenote_note":"","_monsterinsights_sitenote_category":0,"footnotes":""},"class_list":["post-634","page","type-page","status-publish","has-post-thumbnail","hentry"],"aioseo_notices":[],"_links":{"self":[{"href":"https:\/\/equimec.de\/de_de\/wp-json\/wp\/v2\/pages\/634","targetHints":{"allow":["GET"]}}],"collection":[{"href":"https:\/\/equimec.de\/de_de\/wp-json\/wp\/v2\/pages"}],"about":[{"href":"https:\/\/equimec.de\/de_de\/wp-json\/wp\/v2\/types\/page"}],"author":[{"embeddable":true,"href":"https:\/\/equimec.de\/de_de\/wp-json\/wp\/v2\/users\/1"}],"replies":[{"embeddable":true,"href":"https:\/\/equimec.de\/de_de\/wp-json\/wp\/v2\/comments?post=634"}],"version-history":[{"count":11,"href":"https:\/\/equimec.de\/de_de\/wp-json\/wp\/v2\/pages\/634\/revisions"}],"predecessor-version":[{"id":963,"href":"https:\/\/equimec.de\/de_de\/wp-json\/wp\/v2\/pages\/634\/revisions\/963"}],"up":[{"embeddable":true,"href":"https:\/\/equimec.de\/de_de\/wp-json\/wp\/v2\/pages\/110"}],"wp:featuredmedia":[{"embeddable":true,"href":"https:\/\/equimec.de\/de_de\/wp-json\/wp\/v2\/media\/531"}],"wp:attachment":[{"href":"https:\/\/equimec.de\/de_de\/wp-json\/wp\/v2\/media?parent=634"}],"curies":[{"name":"wp","href":"https:\/\/api.w.org\/{rel}","templated":true}]}}