{"id":465,"date":"2023-07-25T15:29:18","date_gmt":"2023-07-25T13:29:18","guid":{"rendered":"https:\/\/equimec.de\/?page_id=465"},"modified":"2025-03-31T20:47:39","modified_gmt":"2025-03-31T18:47:39","slug":"magnawave-2","status":"publish","type":"page","link":"https:\/\/equimec.de\/de_de\/home\/leistungen\/therapiegeraete\/magnawave-2\/","title":{"rendered":"MagnaWave"},"content":{"rendered":"\n<p class=\"has-small-font-size\"><a href=\"http:\/\/www.equimec.de\">EQUIMEC<\/a> > <a href=\"https:\/\/equimec.de\/pferdetherapie\/\">Pferdetherapie<\/a> > <a href=\"https:\/\/equimec.de\/home\/leistungen\/\">Leistungen<\/a> > <a href=\"https:\/\/equimec.de\/home\/leistungen\/rehapraxis\/therapiegeraete\/\">Therapieger\u00e4te<\/a> > MagnaWave<\/p>\n\n\n\n<h3 class=\"wp-block-heading\">Hochfrequenzstrom \u2013 hohe Energie Pulse im Nanosekundenbereich<\/h3>\n\n\n\n<h4 class=\"wp-block-heading\"><strong>Indikationen<\/strong><\/h4>\n\n\n\n<ul class=\"wp-block-list\">\n<li>Regeneration\n<ul class=\"wp-block-list\">\n<li>Nach Operationen<\/li>\n\n\n\n<li>Knochenbr\u00fcchen<\/li>\n\n\n\n<li>Weichteilverletzungen (Fesseltr\u00e4ger, Sehnen-, Band-, Gelenkkapselverletzungen)<\/li>\n<\/ul>\n<\/li>\n\n\n\n<li>Entz\u00fcndungshemmende Wirkung<\/li>\n\n\n\n<li>Schmerzstillende (akut sowie chronisch) Wirkung<\/li>\n\n\n\n<li>Stimulation der Muskulatur, Muskelverh\u00e4rtungen, Muskelverklebungen und Muskelschwund<\/li>\n\n\n\n<li>Verbesserung eingeschr\u00e4nkter Gelenkbeweglichkeit (posttraumatisch, nach Ruhigstellung, Arthrose, Kompensationshaltung)<\/li>\n<\/ul>\n\n\n\n<h2 class=\"wp-block-heading has-text-align-center\">&#8212; Identischer Text wie bei Equitron? &#8212;<\/h2>\n\n\n\n<p>MagnaWave wird in fast allen Pferdesportdisziplinen zur Leistungssteigerung, Gesunderhaltung und Regeneration von Pferden eingesetzt. Besitzer und Trainer k\u00f6nnen in der Regel nach mehreren MagnaWave-Sitzungen eine Verbesserung der Bewegungsabl\u00e4ufe des Pferdes sehen und sp\u00fcren. MagnaWave f\u00fcr Pferde ist eine sichere und wirksame, medikamentenfreie Alternative, um Ihr Pferd in optimaler Gesundheit zu halten.<\/p>\n\n\n\n<ul class=\"wp-block-list\">\n<li>F\u00f6rderung von Entspannung und Stressabbau<\/li>\n\n\n\n<li>Schmerzmanagement<\/li>\n\n\n\n<li>Verbesserung der Durchblutung<\/li>\n\n\n\n<li>Beschleunigung der Regeneration<\/li>\n\n\n\n<li>Reduzierung von Entz\u00fcndungen und Schmerzzust\u00e4nden<\/li>\n\n\n\n<li>Unterst\u00fctzung der Gesundheit von Gelenken und Muskeln<\/li>\n\n\n\n<li>Verbesserung der Leistung<\/li>\n\n\n\n<li>Unterst\u00fctzung der Hufgesundheit<\/li>\n\n\n\n<li>Muskelentspannung<\/li>\n\n\n\n<li>Verbesserung von GI-Komplikationen<\/li>\n<\/ul>\n\n\n\n<p class=\"has-small-font-size\">Quelle: <a href=\"https:\/\/magnawavepemf.com\/magnawave-for-horses\/\" target=\"_blank\" rel=\"noreferrer noopener\">https:\/\/magnawavepemf.com\/magnawave-for-horses\/<\/a><\/p>\n","protected":false},"excerpt":{"rendered":"<p>EQUIMEC > Pferdetherapie > Leistungen > Therapieger\u00e4te > MagnaWave Hochfrequenzstrom \u2013 hohe Energie Pulse im Nanosekundenbereich Indikationen &#8212; Identischer Text<\/p>\n","protected":false},"author":1,"featured_media":538,"parent":202,"menu_order":2,"comment_status":"closed","ping_status":"closed","template":"","meta":{"om_disable_all_campaigns":false,"_monsterinsights_skip_tracking":false,"_monsterinsights_sitenote_active":false,"_monsterinsights_sitenote_note":"","_monsterinsights_sitenote_category":0,"footnotes":""},"class_list":["post-465","page","type-page","status-publish","has-post-thumbnail","hentry"],"aioseo_notices":[],"_links":{"self":[{"href":"https:\/\/equimec.de\/de_de\/wp-json\/wp\/v2\/pages\/465","targetHints":{"allow":["GET"]}}],"collection":[{"href":"https:\/\/equimec.de\/de_de\/wp-json\/wp\/v2\/pages"}],"about":[{"href":"https:\/\/equimec.de\/de_de\/wp-json\/wp\/v2\/types\/page"}],"author":[{"embeddable":true,"href":"https:\/\/equimec.de\/de_de\/wp-json\/wp\/v2\/users\/1"}],"replies":[{"embeddable":true,"href":"https:\/\/equimec.de\/de_de\/wp-json\/wp\/v2\/comments?post=465"}],"version-history":[{"count":15,"href":"https:\/\/equimec.de\/de_de\/wp-json\/wp\/v2\/pages\/465\/revisions"}],"predecessor-version":[{"id":1074,"href":"https:\/\/equimec.de\/de_de\/wp-json\/wp\/v2\/pages\/465\/revisions\/1074"}],"up":[{"embeddable":true,"href":"https:\/\/equimec.de\/de_de\/wp-json\/wp\/v2\/pages\/202"}],"wp:featuredmedia":[{"embeddable":true,"href":"https:\/\/equimec.de\/de_de\/wp-json\/wp\/v2\/media\/538"}],"wp:attachment":[{"href":"https:\/\/equimec.de\/de_de\/wp-json\/wp\/v2\/media?parent=465"}],"curies":[{"name":"wp","href":"https:\/\/api.w.org\/{rel}","templated":true}]}}