{"id":443,"date":"2023-07-25T15:01:26","date_gmt":"2023-07-25T13:01:26","guid":{"rendered":"https:\/\/equimec.de\/?page_id=443"},"modified":"2025-03-31T20:50:57","modified_gmt":"2025-03-31T18:50:57","slug":"thermographie","status":"publish","type":"page","link":"https:\/\/equimec.de\/de_de\/home\/leistungen\/therapiegeraete\/thermographie\/","title":{"rendered":"Thermographie"},"content":{"rendered":"\n<p class=\"has-small-font-size\"><a href=\"http:\/\/www.equimec.de\">EQUIMEC<\/a> > <a href=\"https:\/\/equimec.de\/pferdetherapie\/\">Pferdetherapie<\/a> > <a href=\"https:\/\/equimec.de\/home\/leistungen\/\">Leistungen<\/a> > <a href=\"https:\/\/equimec.de\/home\/leistungen\/therapiegeraete\/\" title=\"Therapieger\u00e4te\">Therapieger\u00e4te<\/a> > Pferdethermographie<\/p>\n\n\n\n<p>Die Pferdethermografie erm\u00f6glicht uns auf Ursachenforschung zu gehen:<\/p>\n\n\n\n<ul class=\"wp-block-list\">\n<li>Akute Enz\u00fcndungen&nbsp;<\/li>\n\n\n\n<li>Problematiken im Sehnen- und Bandapparat<\/li>\n\n\n\n<li>Akute Athrosen&nbsp;<\/li>\n\n\n\n<li>\u00dcberlastungen&nbsp;<\/li>\n\n\n\n<li>Stoffwechselprobleme<\/li>\n\n\n\n<li>Durchblutungsst\u00f6rungen<\/li>\n\n\n\n<li>Probleme des Kiefers und Zahnprobleme<\/li>\n\n\n\n<li>Probleme im Hufbereich (Hufrehe, Hufabze\u00df)<\/li>\n<\/ul>\n\n\n\n<p>k\u00f6nnen dargestellt und fr\u00fchzeitig behandelt werden.&nbsp;<\/p>\n\n\n\n<p>Die Thermografie hilft nach erfolgreicher Therapie das Rehatraining zu \u00fcberwachen und somit eine weitere \u00dcberlastung zu verhindern. Das Aufbautraining kann optimal angepasst werden.&nbsp;<\/p>\n\n\n\n<p><strong>Pferdethermografie komplett:<br>165 Euro<\/strong><br>beinhaltet das komplette Pferd inkl. schriftlichen Bericht.<\/p>\n\n\n\n<hr class=\"wp-block-separator has-alpha-channel-opacity\"\/>\n\n\n\n<h3 class=\"wp-block-heading\">Pferd-Reiter-Sattel-Konzept<\/h3>\n\n\n\n<p>Mit Hilfe der Thermografie kann ein Trainingskonzept erstellt werden bzw. kontrolliert werden. <br>Eine Sattelkontrolle nach Reiten der Grundgangarten erm\u00f6glicht es, sich ein umfangreiches Bild der Passgenauigkeit des Sattels zu erhalten.<br>Gleichzeitig kann durch die Thermografie des Reiters eine Schiefe des Reiters widerlegt, oder best\u00e4tigt werden. <br>F\u00fcr jedes Pferd kann die genaue Aufw\u00e4rmphase bestimmt werden. Somit werden Mikrosch\u00e4den im Bindegewebe verhindert.<\/p>\n\n\n\n<p><strong>Pferd-Reiter-Sattel-Konzept:<br>190 Euro<\/strong><br>beinhaltet das komplette Pferd vor und nach dem Reiten, <br>Bilder w\u00e4hrend des Reitens, um die genaue Aufw\u00e4rmphase des Pferdes zu dokumentieren,<br>Bilder nach dem Reiten vom Reiter, Sattel, dem kompletten Pferd<br>inkl. schriftlichen Bericht.<\/p>\n","protected":false},"excerpt":{"rendered":"<p>EQUIMEC > Pferdetherapie > Leistungen > Therapieger\u00e4te > Pferdethermographie Die Pferdethermografie erm\u00f6glicht uns auf Ursachenforschung zu gehen: k\u00f6nnen dargestellt und<\/p>\n","protected":false},"author":1,"featured_media":542,"parent":202,"menu_order":7,"comment_status":"closed","ping_status":"closed","template":"","meta":{"om_disable_all_campaigns":false,"_monsterinsights_skip_tracking":false,"_monsterinsights_sitenote_active":false,"_monsterinsights_sitenote_note":"","_monsterinsights_sitenote_category":0,"footnotes":""},"class_list":["post-443","page","type-page","status-publish","has-post-thumbnail","hentry"],"aioseo_notices":[],"_links":{"self":[{"href":"https:\/\/equimec.de\/de_de\/wp-json\/wp\/v2\/pages\/443","targetHints":{"allow":["GET"]}}],"collection":[{"href":"https:\/\/equimec.de\/de_de\/wp-json\/wp\/v2\/pages"}],"about":[{"href":"https:\/\/equimec.de\/de_de\/wp-json\/wp\/v2\/types\/page"}],"author":[{"embeddable":true,"href":"https:\/\/equimec.de\/de_de\/wp-json\/wp\/v2\/users\/1"}],"replies":[{"embeddable":true,"href":"https:\/\/equimec.de\/de_de\/wp-json\/wp\/v2\/comments?post=443"}],"version-history":[{"count":15,"href":"https:\/\/equimec.de\/de_de\/wp-json\/wp\/v2\/pages\/443\/revisions"}],"predecessor-version":[{"id":1079,"href":"https:\/\/equimec.de\/de_de\/wp-json\/wp\/v2\/pages\/443\/revisions\/1079"}],"up":[{"embeddable":true,"href":"https:\/\/equimec.de\/de_de\/wp-json\/wp\/v2\/pages\/202"}],"wp:featuredmedia":[{"embeddable":true,"href":"https:\/\/equimec.de\/de_de\/wp-json\/wp\/v2\/media\/542"}],"wp:attachment":[{"href":"https:\/\/equimec.de\/de_de\/wp-json\/wp\/v2\/media?parent=443"}],"curies":[{"name":"wp","href":"https:\/\/api.w.org\/{rel}","templated":true}]}}