{"id":421,"date":"2023-07-25T14:58:56","date_gmt":"2023-07-25T12:58:56","guid":{"rendered":"https:\/\/equimec.de\/?page_id=421"},"modified":"2025-03-31T20:50:12","modified_gmt":"2025-03-31T18:50:12","slug":"bemer-2","status":"publish","type":"page","link":"https:\/\/equimec.de\/de_de\/home\/leistungen\/therapiegeraete\/bemer-2\/","title":{"rendered":"Bemer"},"content":{"rendered":"\n<p class=\"has-small-font-size\"><a href=\"http:\/\/www.equimec.de\">EQUIMEC<\/a> > <a href=\"https:\/\/equimec.de\/pferdetherapie\/\">Pferdetherapie<\/a> > <a href=\"https:\/\/equimec.de\/home\/leistungen\/\">Leistungen<\/a> > <a href=\"https:\/\/equimec.de\/home\/leistungen\/mobile-rehapraxis\/\">Therapieger\u00e4te<\/a> > BEMER<\/p>\n\n\n\n<h3 class=\"wp-block-heading\"><strong>Gef\u00e4\u00dftherapie<\/strong><\/h3>\n\n\n\n<h4 class=\"wp-block-heading\"><strong>Indikationen<\/strong><\/h4>\n\n\n\n<ul class=\"wp-block-list\">\n<li>effektive Verbesserung der Mikrozirkulation im Gef\u00e4\u00dfsystem<\/li>\n\n\n\n<li>Unterst\u00fctzung des Immunsystems<\/li>\n\n\n\n<li>Unterst\u00fctzun des Stoffwechsels<\/li>\n\n\n\n<li>St\u00e4rkung der Reaktionsf\u00e4higkeit<\/li>\n\n\n\n<li>Bessere Versorgung von Organen und Geweben<\/li>\n\n\n\n<li>Erh\u00f6hung der k\u00f6rperlichen und geistgen Leistungsf\u00e4higkeit<\/li>\n\n\n\n<li>Reduzierung des Risikos von Sportverletzungen<\/li>\n\n\n\n<li>Verk\u00fcrzung der Regenerationszeiten im Sporttraining\n<ul class=\"wp-block-list\">\n<li>\u200bNach Operationen<\/li>\n\n\n\n<li>Knochenbr\u00fcchen&nbsp;<\/li>\n\n\n\n<li>Weichteilverletzungen (Fesseltr\u00e4ger, Sehnen-, Band-, Gelenkkapselverletzungen)<br><\/li>\n<\/ul>\n<\/li>\n\n\n\n<li>Verbesserung eingeschr\u00e4nkter Gelenkbeweglichkeit (posttraumatisch, nach Ruhigstellung, Arthrose, Kompensationshaltung)<\/li>\n\n\n\n<li>Unterst\u00fctzung der Heilung von Wunden und Sportverletzungen<\/li>\n<\/ul>\n","protected":false},"excerpt":{"rendered":"<p>EQUIMEC > Pferdetherapie > Leistungen > Therapieger\u00e4te > BEMER Gef\u00e4\u00dftherapie Indikationen<\/p>\n","protected":false},"author":1,"featured_media":536,"parent":202,"menu_order":6,"comment_status":"closed","ping_status":"closed","template":"","meta":{"om_disable_all_campaigns":false,"_monsterinsights_skip_tracking":false,"_monsterinsights_sitenote_active":false,"_monsterinsights_sitenote_note":"","_monsterinsights_sitenote_category":0,"footnotes":""},"class_list":["post-421","page","type-page","status-publish","has-post-thumbnail","hentry"],"aioseo_notices":[],"_links":{"self":[{"href":"https:\/\/equimec.de\/de_de\/wp-json\/wp\/v2\/pages\/421","targetHints":{"allow":["GET"]}}],"collection":[{"href":"https:\/\/equimec.de\/de_de\/wp-json\/wp\/v2\/pages"}],"about":[{"href":"https:\/\/equimec.de\/de_de\/wp-json\/wp\/v2\/types\/page"}],"author":[{"embeddable":true,"href":"https:\/\/equimec.de\/de_de\/wp-json\/wp\/v2\/users\/1"}],"replies":[{"embeddable":true,"href":"https:\/\/equimec.de\/de_de\/wp-json\/wp\/v2\/comments?post=421"}],"version-history":[{"count":9,"href":"https:\/\/equimec.de\/de_de\/wp-json\/wp\/v2\/pages\/421\/revisions"}],"predecessor-version":[{"id":1078,"href":"https:\/\/equimec.de\/de_de\/wp-json\/wp\/v2\/pages\/421\/revisions\/1078"}],"up":[{"embeddable":true,"href":"https:\/\/equimec.de\/de_de\/wp-json\/wp\/v2\/pages\/202"}],"wp:featuredmedia":[{"embeddable":true,"href":"https:\/\/equimec.de\/de_de\/wp-json\/wp\/v2\/media\/536"}],"wp:attachment":[{"href":"https:\/\/equimec.de\/de_de\/wp-json\/wp\/v2\/media?parent=421"}],"curies":[{"name":"wp","href":"https:\/\/api.w.org\/{rel}","templated":true}]}}