{"id":411,"date":"2023-07-25T14:58:38","date_gmt":"2023-07-25T12:58:38","guid":{"rendered":"https:\/\/equimec.de\/?page_id=411"},"modified":"2025-03-31T20:49:02","modified_gmt":"2025-03-31T18:49:02","slug":"amplimove-2","status":"publish","type":"page","link":"https:\/\/equimec.de\/de_de\/home\/leistungen\/therapiegeraete\/amplimove-2\/","title":{"rendered":"Amplimove"},"content":{"rendered":"\n<p class=\"has-small-font-size\"><a href=\"http:\/\/www.equimec.de\">EQUIMEC<\/a> > <a href=\"https:\/\/equimec.de\/pferdetherapie\/\">Pferdetherapie<\/a> > <a href=\"https:\/\/equimec.de\/home\/leistungen\/\">Leistungen<\/a> > <a href=\"https:\/\/equimec.de\/home\/leistungen\/therapiegeraete\/\" title=\"Therapieger\u00e4te\">Therapieger\u00e4te<\/a> > Amplimove<\/p>\n\n\n\n<h3 class=\"wp-block-heading\">Mittelfrequenzstromtherapie<\/h3>\n\n\n\n<h4 class=\"wp-block-heading\"><strong>Indikationen<\/strong><\/h4>\n\n\n\n<ul class=\"wp-block-list\">\n<li>Wirbels\u00e4ulenbedingte Beschwerden wie z. B. HWS-, BWS-,LWS-Syndrom, Kissing spines, Spondylose (Verschlei\u00dferkrankungen der Wirbels\u00e4ule einschlie\u00dflich Athrosen)<\/li>\n\n\n\n<li>Sehnen- und Bandverletzungen<\/li>\n\n\n\n<li>Gallen-, Gelenksentz\u00fcndungen<\/li>\n\n\n\n<li>Myopathien, z. B. Kreuzverschlag, PSSM-Schub<\/li>\n\n\n\n<li>Arthrosen, z. B. Spat, Schale, Podotrochlose (Hufrollenbefund)<\/li>\n\n\n\n<li>Muskelatrophie, z. B. bei Ruhigstellung, degenerativen Muskelerkrankungen, Muskelaufbau im Stand m\u00f6glich<\/li>\n\n\n\n<li>Paresen (L\u00e4hmungen), z. B. Radialisl\u00e4hmung<\/li>\n\n\n\n<li>Neuropathien &#8211; Krankheiten des Nervensystems wie z.B. Ataxien<\/li>\n\n\n\n<li>Neuralgien &#8211; Nervenschmerzen<\/li>\n\n\n\n<li>Lymph\u00f6deme<\/li>\n<\/ul>\n","protected":false},"excerpt":{"rendered":"<p>EQUIMEC > Pferdetherapie > Leistungen > Therapieger\u00e4te > Amplimove Mittelfrequenzstromtherapie Indikationen<\/p>\n","protected":false},"author":1,"featured_media":535,"parent":202,"menu_order":4,"comment_status":"closed","ping_status":"closed","template":"","meta":{"om_disable_all_campaigns":false,"_monsterinsights_skip_tracking":false,"_monsterinsights_sitenote_active":false,"_monsterinsights_sitenote_note":"","_monsterinsights_sitenote_category":0,"footnotes":""},"class_list":["post-411","page","type-page","status-publish","has-post-thumbnail","hentry"],"aioseo_notices":[],"_links":{"self":[{"href":"https:\/\/equimec.de\/de_de\/wp-json\/wp\/v2\/pages\/411","targetHints":{"allow":["GET"]}}],"collection":[{"href":"https:\/\/equimec.de\/de_de\/wp-json\/wp\/v2\/pages"}],"about":[{"href":"https:\/\/equimec.de\/de_de\/wp-json\/wp\/v2\/types\/page"}],"author":[{"embeddable":true,"href":"https:\/\/equimec.de\/de_de\/wp-json\/wp\/v2\/users\/1"}],"replies":[{"embeddable":true,"href":"https:\/\/equimec.de\/de_de\/wp-json\/wp\/v2\/comments?post=411"}],"version-history":[{"count":11,"href":"https:\/\/equimec.de\/de_de\/wp-json\/wp\/v2\/pages\/411\/revisions"}],"predecessor-version":[{"id":1076,"href":"https:\/\/equimec.de\/de_de\/wp-json\/wp\/v2\/pages\/411\/revisions\/1076"}],"up":[{"embeddable":true,"href":"https:\/\/equimec.de\/de_de\/wp-json\/wp\/v2\/pages\/202"}],"wp:featuredmedia":[{"embeddable":true,"href":"https:\/\/equimec.de\/de_de\/wp-json\/wp\/v2\/media\/535"}],"wp:attachment":[{"href":"https:\/\/equimec.de\/de_de\/wp-json\/wp\/v2\/media?parent=411"}],"curies":[{"name":"wp","href":"https:\/\/api.w.org\/{rel}","templated":true}]}}