{"id":326,"date":"2023-07-24T18:06:46","date_gmt":"2023-07-24T16:06:46","guid":{"rendered":"https:\/\/equimec.de\/?page_id=326"},"modified":"2025-03-31T20:54:41","modified_gmt":"2025-03-31T18:54:41","slug":"futterberatung-kundenfeedback","status":"publish","type":"page","link":"https:\/\/equimec.de\/de_de\/home\/leistungen\/therapieformen\/unabhaengige-futterberatung\/futterberatung-kundenfeedback\/","title":{"rendered":"Futterberatung | Kundenfeedback"},"content":{"rendered":"\n<p class=\"has-small-font-size\"><a href=\"http:\/\/www.equimec.de\">EQUIMEC<\/a> > <a href=\"https:\/\/equimec.de\/pferdetherapie\/\">Pferdetherapie<\/a> > <a href=\"https:\/\/equimec.de\/home\/leistungen\/\">Leistungen<\/a> > <a href=\"https:\/\/equimec.de\/home\/leistungen\/therapieformen\/\" title=\"Therapieformen\">Therapieformen<\/a> > <a href=\"https:\/\/equimec.de\/willkommen-bei-equimec\/angebot\/therapieformen\/zusatzleistungen\/unabhaengige-futterberatung\/\"> Unabh\u00e4ngige Futterberatung<\/a> > Futterberatung | Kundenfeedback <a href=\"https:\/\/equimec.de\/home\/leistungen\/unabhaengige-futterberatung\/futterberatung-preise\/\">> Futterberatung | Preise <\/a><\/p>\n\n\n\n<p>Hier sind einige Pferde, die ich im Bereich F\u00fctterung betreut habe, zu sehen. Weiter unten finden Sie Kundenfeedbacks.<\/p>\n\n\n\n<figure class=\"wp-block-gallery has-nested-images columns-default is-cropped wp-block-gallery-1 is-layout-flex wp-block-gallery-is-layout-flex\">\n<figure class=\"wp-block-image size-large\"><img loading=\"lazy\" decoding=\"async\" width=\"640\" height=\"680\" data-id=\"581\" src=\"https:\/\/equimec.de\/wp-content\/uploads\/2023\/09\/Rubin01-2019.jpg\" alt=\"\" class=\"wp-image-581\" srcset=\"https:\/\/equimec.de\/wp-content\/uploads\/2023\/09\/Rubin01-2019.jpg 640w, https:\/\/equimec.de\/wp-content\/uploads\/2023\/09\/Rubin01-2019-282x300.jpg 282w\" sizes=\"auto, (max-width: 640px) 100vw, 640px\" \/><figcaption class=\"wp-element-caption\">Rubin (Januar 2019)<\/figcaption><\/figure>\n\n\n\n<figure class=\"wp-block-image size-large\"><img loading=\"lazy\" decoding=\"async\" width=\"539\" height=\"761\" data-id=\"582\" src=\"https:\/\/equimec.de\/wp-content\/uploads\/2023\/09\/Rubin03-2020.jpg\" alt=\"\" class=\"wp-image-582\" srcset=\"https:\/\/equimec.de\/wp-content\/uploads\/2023\/09\/Rubin03-2020.jpg 539w, https:\/\/equimec.de\/wp-content\/uploads\/2023\/09\/Rubin03-2020-212x300.jpg 212w\" sizes=\"auto, (max-width: 539px) 100vw, 539px\" \/><figcaption class=\"wp-element-caption\">Rubin (M\u00e4rz 2020)<\/figcaption><\/figure>\n<\/figure>\n\n\n\n<p><\/p>\n\n\n\n<figure class=\"wp-block-gallery has-nested-images columns-default is-cropped wp-block-gallery-2 is-layout-flex wp-block-gallery-is-layout-flex\">\n<figure class=\"wp-block-image size-large\"><img loading=\"lazy\" decoding=\"async\" width=\"960\" height=\"720\" data-id=\"584\" src=\"https:\/\/equimec.de\/wp-content\/uploads\/2023\/09\/summer05-2019.jpg\" alt=\"\" class=\"wp-image-584\" srcset=\"https:\/\/equimec.de\/wp-content\/uploads\/2023\/09\/summer05-2019.jpg 960w, https:\/\/equimec.de\/wp-content\/uploads\/2023\/09\/summer05-2019-300x225.jpg 300w, https:\/\/equimec.de\/wp-content\/uploads\/2023\/09\/summer05-2019-768x576.jpg 768w\" sizes=\"auto, (max-width: 960px) 100vw, 960px\" \/><figcaption class=\"wp-element-caption\">Summer (Mai 2019)<\/figcaption><\/figure>\n\n\n\n<figure class=\"wp-block-image size-large\"><img loading=\"lazy\" decoding=\"async\" width=\"960\" height=\"720\" data-id=\"583\" src=\"https:\/\/equimec.de\/wp-content\/uploads\/2023\/09\/summer03-2020.jpg\" alt=\"\" class=\"wp-image-583\" srcset=\"https:\/\/equimec.de\/wp-content\/uploads\/2023\/09\/summer03-2020.jpg 960w, https:\/\/equimec.de\/wp-content\/uploads\/2023\/09\/summer03-2020-300x225.jpg 300w, https:\/\/equimec.de\/wp-content\/uploads\/2023\/09\/summer03-2020-768x576.jpg 768w\" sizes=\"auto, (max-width: 960px) 100vw, 960px\" \/><figcaption class=\"wp-element-caption\">Summer (April 2020)<\/figcaption><\/figure>\n<\/figure>\n\n\n\n<hr class=\"wp-block-separator has-css-opacity is-style-default\"\/>\n\n\n<div class=\"wp-block-image is-style-rounded\">\n<figure class=\"aligncenter size-thumbnail is-resized\"><img loading=\"lazy\" decoding=\"async\" width=\"150\" height=\"150\" src=\"https:\/\/equimec.de\/wp-content\/uploads\/2023\/09\/5-stars-flat-icon-150x150.png\" alt=\"\" class=\"wp-image-586\" style=\"width:150px;height:undefinedpx\" srcset=\"https:\/\/equimec.de\/wp-content\/uploads\/2023\/09\/5-stars-flat-icon-150x150.png 150w, https:\/\/equimec.de\/wp-content\/uploads\/2023\/09\/5-stars-flat-icon-300x300.png 300w, https:\/\/equimec.de\/wp-content\/uploads\/2023\/09\/5-stars-flat-icon.png 360w\" sizes=\"auto, (max-width: 150px) 100vw, 150px\" \/><\/figure>\n<\/div>\n\n\n<blockquote class=\"wp-block-quote has-text-align-center is-style-large is-layout-flow wp-block-quote-is-layout-flow\">\n<p>\u201eChristina begleitet mich und meinen Wallach schon seit einiger Zeit. Anfangs habe ich sie gerufen, weil mein Wallach in der Winterzeit \u00f6fters lahm ging. Sie hat ihn super behandelt und nebenbei alles verst\u00e4ndlich erkl\u00e4rt. Mir hatte sie auch noch viele weitere Tipps gegeben und Techniken gezeigt, um die Verspannungen zu lindern. Da er auch sehr d\u00fcnn war, hat sie auch mal einen Blich auf sein Blutbild geworfen. Dort hat sie Anzeichen f\u00fcr eine Stoffwechselkrankheit erkannt, die nicht einmal meinem Tierarzt aufgefallen sind. Nach einem Urintest, den wir gemacht hatten, hatten wir dann auch die Gewissheit. Seitdem unterst\u00fctzt sie mich super mit Pl\u00e4nen f\u00fcr das richtige Futter, speziell f\u00fcr meinen Wallach angepasst. Seitdem geht es ihm wieder viel besser. Er hat schon zugenommen und sein Fell gl\u00e4nzt auch wieder richtig. Ihm geht es einfach allgemein viel besser. Ich empfehle Christina uneingeschr\u00e4nkt weiter. Danke!\u201c<\/p>\n<cite>\u2013 Verena E.&nbsp;<\/cite><\/blockquote>\n\n\n\n<hr class=\"wp-block-separator has-css-opacity is-style-default\"\/>\n\n\n\n<hr class=\"wp-block-separator has-css-opacity is-style-default\"\/>\n\n\n<div class=\"wp-block-image is-style-rounded\">\n<figure class=\"aligncenter size-full is-resized\"><img loading=\"lazy\" decoding=\"async\" width=\"360\" height=\"360\" src=\"https:\/\/equimec.de\/wp-content\/uploads\/2023\/09\/5-stars-flat-icon.png\" alt=\"\" class=\"wp-image-586\" style=\"width:150px;height:undefinedpx\" srcset=\"https:\/\/equimec.de\/wp-content\/uploads\/2023\/09\/5-stars-flat-icon.png 360w, https:\/\/equimec.de\/wp-content\/uploads\/2023\/09\/5-stars-flat-icon-300x300.png 300w, https:\/\/equimec.de\/wp-content\/uploads\/2023\/09\/5-stars-flat-icon-150x150.png 150w\" sizes=\"auto, (max-width: 360px) 100vw, 360px\" \/><\/figure>\n<\/div>\n\n\n<blockquote class=\"wp-block-quote has-text-align-center is-style-large is-layout-flow wp-block-quote-is-layout-flow\">\n<p>\u201eChristina kam zu uns in den Stall wegen einer Physiobehandlung meines 23. J\u00e4hrigen Pferdes. Mit jeder Behandlung besserten sich die Beschwerden st\u00fcckweise. Auch gab mir Christina Tipps wie ich selbst meinem Pferd Gutes tun kann. Zeitgleich wurde bei meinem Pferd das Cushingsyndrom festgestellt, was ich aber anzweifelte. Dank Christinas intensiver und kompetenter Beratung hat sich herausgestellt, dass es sich um eine andere Erkrankung handelte. Mit ihrer Erfahrung und ihrem Wissen haben wir das Futter umgestellt und somit die Erkrankung in den Griff bekommen. Ich bin sehr dankbar Christina zu kennen. Bei ihr f\u00fchlen sich mein Pferd und ich in guten H\u00e4nden und gut aufgehoben und egal, um was f\u00fcr eine Frage es sich handelt, Christina hat immer einen hilfreichen Tipp.\u201c<\/p>\n<cite>\u2013 Agate B.<\/cite><\/blockquote>\n\n\n\n<hr class=\"wp-block-separator has-css-opacity is-style-default\"\/>\n","protected":false},"excerpt":{"rendered":"<p>EQUIMEC > Pferdetherapie > Leistungen > Therapieformen > Unabh\u00e4ngige Futterberatung > Futterberatung | Kundenfeedback > Futterberatung | Preise Hier sind<\/p>\n","protected":false},"author":1,"featured_media":576,"parent":324,"menu_order":1,"comment_status":"closed","ping_status":"closed","template":"","meta":{"om_disable_all_campaigns":false,"_monsterinsights_skip_tracking":false,"_monsterinsights_sitenote_active":false,"_monsterinsights_sitenote_note":"","_monsterinsights_sitenote_category":0,"footnotes":""},"class_list":["post-326","page","type-page","status-publish","has-post-thumbnail","hentry"],"aioseo_notices":[],"_links":{"self":[{"href":"https:\/\/equimec.de\/de_de\/wp-json\/wp\/v2\/pages\/326","targetHints":{"allow":["GET"]}}],"collection":[{"href":"https:\/\/equimec.de\/de_de\/wp-json\/wp\/v2\/pages"}],"about":[{"href":"https:\/\/equimec.de\/de_de\/wp-json\/wp\/v2\/types\/page"}],"author":[{"embeddable":true,"href":"https:\/\/equimec.de\/de_de\/wp-json\/wp\/v2\/users\/1"}],"replies":[{"embeddable":true,"href":"https:\/\/equimec.de\/de_de\/wp-json\/wp\/v2\/comments?post=326"}],"version-history":[{"count":10,"href":"https:\/\/equimec.de\/de_de\/wp-json\/wp\/v2\/pages\/326\/revisions"}],"predecessor-version":[{"id":1086,"href":"https:\/\/equimec.de\/de_de\/wp-json\/wp\/v2\/pages\/326\/revisions\/1086"}],"up":[{"embeddable":true,"href":"https:\/\/equimec.de\/de_de\/wp-json\/wp\/v2\/pages\/324"}],"wp:featuredmedia":[{"embeddable":true,"href":"https:\/\/equimec.de\/de_de\/wp-json\/wp\/v2\/media\/576"}],"wp:attachment":[{"href":"https:\/\/equimec.de\/de_de\/wp-json\/wp\/v2\/media?parent=326"}],"curies":[{"name":"wp","href":"https:\/\/api.w.org\/{rel}","templated":true}]}}