{"id":324,"date":"2023-07-24T18:03:34","date_gmt":"2023-07-24T16:03:34","guid":{"rendered":"https:\/\/equimec.de\/?page_id=324"},"modified":"2025-03-31T20:54:00","modified_gmt":"2025-03-31T18:54:00","slug":"unabhaengige-futterberatung","status":"publish","type":"page","link":"https:\/\/equimec.de\/de_de\/home\/leistungen\/therapieformen\/unabhaengige-futterberatung\/","title":{"rendered":"Unabh\u00e4ngige Futterberatung"},"content":{"rendered":"\n<p class=\"has-small-font-size\"><a href=\"http:\/\/www.equimec.de\">EQUIMEC<\/a> > <a href=\"https:\/\/equimec.de\/pferdetherapie\/\">Pferdetherapie<\/a> > <a href=\"https:\/\/equimec.de\/home\/leistungen\/\">Leistungen<\/a> > <a href=\"https:\/\/equimec.de\/home\/leistungen\/therapieformen\/\" title=\"Therapieformen\">Therapieformen<\/a> > Unabh\u00e4ngige Futterberatung <a href=\"https:\/\/equimec.de\/home\/leistungen\/unabhaengige-futterberatung\/futterberatung-kundenfeedback\/\">> Futterberatung | Kundenfeedback <\/a> <a href=\"https:\/\/equimec.de\/home\/leistungen\/unabhaengige-futterberatung\/futterberatung-preise\/\">> Futterberatung | Preise<\/a><\/p>\n\n\n\n<h3 class=\"wp-block-heading\">Eine unabh\u00e4ngige Futterberatung speziell zugeschnitten auf das jeweilige Pferd unter Einbezug von:&nbsp;<\/h3>\n\n\n\n<div class=\"wp-block-group\"><div class=\"wp-block-group__inner-container is-layout-flow wp-block-group-is-layout-flow\">\n<ul class=\"wp-block-list\">\n<li>Exterieur, Sichtbefund<\/li>\n\n\n\n<li>Vorgeschichte, Krankheitsbild&nbsp;<\/li>\n\n\n\n<li>Blutbilder, Urintest, Kotproben<\/li>\n\n\n\n<li>Trainingsintensit\u00e4t, Leistung<\/li>\n\n\n\n<li>Rasse<\/li>\n\n\n\n<li>Stoffwechsel- und Hormonabl\u00e4ufen<\/li>\n\n\n\n<li>Gewichtsprobleme<\/li>\n<\/ul>\n\n\n\n<h3 class=\"wp-block-heading\">Ihr Pferd hat folgendes Problem\/ folgende Probleme:<\/h3>\n\n\n\n<ul class=\"wp-block-list\">\n<li><strong>Hautprobleme<\/strong>:&nbsp;Sommerekzem, Mauke, Nesselfieber, Raspe, \u00dcberempfindlichkeit der Haut, Juckreiz, Ekzeme, Phlegmone, Warzen und Sarkoide, Ektoparasiten, schlechte Wundheilung<\/li>\n\n\n\n<li><strong>Bewegungsapparat<\/strong>:&nbsp;intermittierende Lahmheiten, rezidivierende (wiederkehrende) Muskelverspannungen und Blockierungen, Anf\u00e4lligkeit f\u00fcr Sehnen- und B\u00e4ndersch\u00e4den<\/li>\n\n\n\n<li><strong>Magenprobleme<\/strong>&nbsp;<\/li>\n\n\n\n<li><strong>Fell<\/strong>:&nbsp;stumpfes Fell, schlechter Fellwechsel, schlechtes Winterfell, d\u00fcnnes Langhaar, wei\u00dfe Stichelhaare (kein roan Gentr\u00e4ger oder Schimmel), wei\u00dfe kreisrunde Flecken<\/li>\n\n\n\n<li><strong>Hufe<\/strong>: Hufrehe, Strahlf\u00e4ule, White Line Disease (hohle Wand), Hornbildung mit mangelnder Qualit\u00e4t, Hufabzesse<\/li>\n\n\n\n<li><strong>Mineralisierungsst\u00f6rungen<\/strong>:&nbsp;\u00dcberbeine, Knochen- oder Zahndemineralisierung<\/li>\n\n\n\n<li><strong>Zirkulationsst\u00f6rungen<\/strong>:&nbsp;angelaufene Beine, schwammige Sprung- und Karpalgelenke, angelaufener fester Halskamm, \u00d6dem-Polster an den Flanken, Nierenpolster, Phlegmoneanf\u00e4lligkeit<\/li>\n\n\n\n<li>unklare Ataxien<\/li>\n\n\n\n<li>Shivering-Symptome<\/li>\n\n\n\n<li>Allergien<\/li>\n\n\n\n<li><strong>St\u00f6rungen im Wasser- \/ Mineralhaushalt<\/strong>:&nbsp;untypisches Schwitzverhalten, gieriges Fressen von Salz- und Minerallecksteinen, Kotfressen<\/li>\n\n\n\n<li><strong>Hormonsystem<\/strong>:&nbsp;Schilddr\u00fcsen-\u00dcberfunktion oder Unterfunktion, Rosseprobleme<\/li>\n\n\n\n<li><strong>Entgiftungsst\u00f6rung<\/strong>:&nbsp;Leber- oder Nierenprobleme<\/li>\n\n\n\n<li><strong>Atmung<\/strong>:&nbsp;COPD, Lungenprobleme<\/li>\n\n\n\n<li><strong>Gewichtsprobleme<\/strong>: Pferd zu dick, Pferd zu d\u00fcnn<\/li>\n\n\n\n<li><strong>Verdauung<\/strong>: Durchf\u00e4lle, Kotwasser, wiederkehrende Koliken, Endoparasitenbefall (W\u00fcrmer)<\/li>\n\n\n\n<li><strong>Internistische Erkrankungen<\/strong> <strong>wie<\/strong>:&nbsp;EMS (Equines Metabolisches Syndrom), Pseudo EMS, Pseudo-Cushing, Insulinresistenz, KPU (Kryptopyrrolurie), selenbedingte Hyperthyreose<\/li>\n\n\n\n<li>multimorbide Pferde (mehrere Krankheiten)<\/li>\n\n\n\n<li>Non-Responder (Behandlungen schlagen nicht an)&nbsp;<\/li>\n\n\n\n<li>PSSM Gentr\u00e4ger<\/li>\n\n\n\n<li>Medikamentenunvertr\u00e4glichkeiten (auch Impfungen, Wurmkuren)<\/li>\n<\/ul>\n\n\n\n<h3 class=\"wp-block-heading\">Hierbei macht es Sinn, sich die F\u00fctterung, die Stoffwechselabl\u00e4ufe sowie das Hormonsystem genauer zu betrachten und Ihr Pferd optimal einzustellen.<\/h3>\n\n\n\n<h3 class=\"wp-block-heading is-style-default\">Das <a href=\"https:\/\/equimec.de\/home\/leistungen\/therapiegeraete\/bemer-2\/\">Bemer Gef\u00e4\u00dftherapie System<\/a>, die <a href=\"https:\/\/equimec.de\/home\/leistungen\/therapiegeraete\/matrix-rhythmus-therapie\/\">Matrix-Rhythmus-Therapie<\/a> und die Kranio-Sakraltherapie k\u00f6nnen Ihr Pferd optimal in der Umstellung unterst\u00fctzen.<\/h3>\n<\/div><\/div>\n","protected":false},"excerpt":{"rendered":"<p>EQUIMEC > Pferdetherapie > Leistungen > Therapieformen > Unabh\u00e4ngige Futterberatung > Futterberatung | Kundenfeedback > Futterberatung | Preise Eine unabh\u00e4ngige<\/p>\n","protected":false},"author":1,"featured_media":574,"parent":126,"menu_order":8,"comment_status":"closed","ping_status":"closed","template":"","meta":{"om_disable_all_campaigns":false,"_monsterinsights_skip_tracking":false,"_monsterinsights_sitenote_active":false,"_monsterinsights_sitenote_note":"","_monsterinsights_sitenote_category":0,"footnotes":""},"class_list":["post-324","page","type-page","status-publish","has-post-thumbnail","hentry"],"aioseo_notices":[],"_links":{"self":[{"href":"https:\/\/equimec.de\/de_de\/wp-json\/wp\/v2\/pages\/324","targetHints":{"allow":["GET"]}}],"collection":[{"href":"https:\/\/equimec.de\/de_de\/wp-json\/wp\/v2\/pages"}],"about":[{"href":"https:\/\/equimec.de\/de_de\/wp-json\/wp\/v2\/types\/page"}],"author":[{"embeddable":true,"href":"https:\/\/equimec.de\/de_de\/wp-json\/wp\/v2\/users\/1"}],"replies":[{"embeddable":true,"href":"https:\/\/equimec.de\/de_de\/wp-json\/wp\/v2\/comments?post=324"}],"version-history":[{"count":16,"href":"https:\/\/equimec.de\/de_de\/wp-json\/wp\/v2\/pages\/324\/revisions"}],"predecessor-version":[{"id":1085,"href":"https:\/\/equimec.de\/de_de\/wp-json\/wp\/v2\/pages\/324\/revisions\/1085"}],"up":[{"embeddable":true,"href":"https:\/\/equimec.de\/de_de\/wp-json\/wp\/v2\/pages\/126"}],"wp:featuredmedia":[{"embeddable":true,"href":"https:\/\/equimec.de\/de_de\/wp-json\/wp\/v2\/media\/574"}],"wp:attachment":[{"href":"https:\/\/equimec.de\/de_de\/wp-json\/wp\/v2\/media?parent=324"}],"curies":[{"name":"wp","href":"https:\/\/api.w.org\/{rel}","templated":true}]}}