{"id":269,"date":"2023-07-24T15:44:15","date_gmt":"2023-07-24T13:44:15","guid":{"rendered":"https:\/\/equimec.de\/?page_id=269"},"modified":"2025-03-31T17:50:40","modified_gmt":"2025-03-31T15:50:40","slug":"behandlungsablauf","status":"publish","type":"page","link":"https:\/\/equimec.de\/de_de\/home\/behandlungsablauf\/","title":{"rendered":"Behandlungsablauf"},"content":{"rendered":"\n<p class=\"has-small-font-size\"><a href=\"http:\/\/www.equimec.de\">EQUIMEC<\/a> &gt; <a href=\"https:\/\/equimec.de\/pferdetherapie\/\">Pferdetherapie<\/a> &gt; Behandlungsablauf<\/p>\n\n\n\n<p>Um einen individuellen Behandlungsplan f\u00fcr Ihr Pferd erstellen zu k\u00f6nnen, ist eine Befunderhebung n\u00f6tig.&nbsp;<\/p>\n\n\n\n<h3 class=\"wp-block-heading\"><strong>Hierf\u00fcr werden folgende Punkte mit einbezogen:<\/strong><\/h3>\n\n\n\n<ul class=\"wp-block-list\">\n<li>Anamnesebogen (medizinische und pers\u00f6nliche Vorgeschichte des Pferdes)<\/li>\n\n\n\n<li>Ganganalyse, falls notwendig Ganganalyse unter dem Reiter.<\/li>\n\n\n\n<li>Profilanalyse (inkl. Exterieur-Beurteilung und \u00dcberpr\u00fcfung der Zahnbeschaffenheit)<\/li>\n\n\n\n<li>Palpationsanalyse (auf W\u00e4rme, Schmerzen, Muskelverspannungen und\/oder Blockaden)<\/li>\n\n\n\n<li>Triggerpointtest<\/li>\n\n\n\n<li>Equipment-Check bei Auff\u00e4lligkeiten, die durch Equipment entstehen k\u00f6nnen<\/li>\n\n\n\n<li>Gelenksfunktionstest auf Beweglichkeit und Schmerzen&nbsp;<\/li>\n<\/ul>\n\n\n\n<h3 class=\"wp-block-heading\"><strong>Behandlung:&nbsp;<\/strong><\/h3>\n\n\n\n<ul class=\"wp-block-list\">\n<li><a href=\"https:\/\/equimec.de\/home\/leistungen\/mobile-rehapraxis\/matrix-rhythmus-therapie\/\">Matrix-Rhythmus-Therapie<\/a> zur Gewebeoptimierung<\/li>\n\n\n\n<li><a href=\"https:\/\/equimec.de\/home\/leistungen\/mobile-rehapraxis\/magnawave-2\/\">Magna-Wave<\/a>-Hochleistungsmagnetfeld<\/li>\n\n\n\n<li>Akupunktur \/ Dry Needling<\/li>\n\n\n\n<li>individuelle Therapie nach Befunderhebung&nbsp;(<a href=\"https:\/\/equimec.de\/home\/leistungen\/physiotherapie\/\">Physiotherapie<\/a>, <a href=\"https:\/\/equimec.de\/home\/leistungen\/osteopathie\/\">Osteopathie<\/a>, <a href=\"https:\/\/equimec.de\/home\/leistungen\/chiropraktiker\/\">Chiropraktik<\/a>, <a href=\"https:\/\/equimec.de\/home\/leistungen\/dorntherapie\/\">Dorntherapie<\/a>)<\/li>\n\n\n\n<li>Abschlie\u00dfendes Besitzergespr\u00e4ch (Therapiem\u00f6glichkeiten zur Vorbeugung, <a href=\"https:\/\/equimec.de\/home\/leistungen\/rehapraxis\/\">Rehabilitation<\/a> oder sanften Leistungssteigerung werden besprochen)<\/li>\n<\/ul>\n\n\n\n<h3 class=\"wp-block-heading\"><strong>Ihr Beitrag zur erfolgreichen Behandlung:<\/strong><\/h3>\n\n\n\n<p>F\u00fcr die Erstuntersuchung sollten Sie etwa 2 Stunden einplanen.<\/p>\n\n\n\n<p>Eine ruhige und entspannte Umgebung, sowie fester Untergrund erleichtern die Behandlung.&nbsp;<\/p>\n\n\n\n<p>Je nach Befund ist eine Nachbehandlung sinnvoll bis notwendig.<\/p>\n","protected":false},"excerpt":{"rendered":"<p>EQUIMEC &gt; Pferdetherapie &gt; Behandlungsablauf Um einen individuellen Behandlungsplan f\u00fcr Ihr Pferd erstellen zu k\u00f6nnen, ist eine Befunderhebung n\u00f6tig.&nbsp; Hierf\u00fcr<\/p>\n","protected":false},"author":1,"featured_media":1013,"parent":110,"menu_order":4,"comment_status":"closed","ping_status":"closed","template":"","meta":{"om_disable_all_campaigns":false,"_monsterinsights_skip_tracking":false,"_monsterinsights_sitenote_active":false,"_monsterinsights_sitenote_note":"","_monsterinsights_sitenote_category":0,"footnotes":""},"class_list":["post-269","page","type-page","status-publish","has-post-thumbnail","hentry"],"aioseo_notices":[],"_links":{"self":[{"href":"https:\/\/equimec.de\/de_de\/wp-json\/wp\/v2\/pages\/269","targetHints":{"allow":["GET"]}}],"collection":[{"href":"https:\/\/equimec.de\/de_de\/wp-json\/wp\/v2\/pages"}],"about":[{"href":"https:\/\/equimec.de\/de_de\/wp-json\/wp\/v2\/types\/page"}],"author":[{"embeddable":true,"href":"https:\/\/equimec.de\/de_de\/wp-json\/wp\/v2\/users\/1"}],"replies":[{"embeddable":true,"href":"https:\/\/equimec.de\/de_de\/wp-json\/wp\/v2\/comments?post=269"}],"version-history":[{"count":10,"href":"https:\/\/equimec.de\/de_de\/wp-json\/wp\/v2\/pages\/269\/revisions"}],"predecessor-version":[{"id":900,"href":"https:\/\/equimec.de\/de_de\/wp-json\/wp\/v2\/pages\/269\/revisions\/900"}],"up":[{"embeddable":true,"href":"https:\/\/equimec.de\/de_de\/wp-json\/wp\/v2\/pages\/110"}],"wp:featuredmedia":[{"embeddable":true,"href":"https:\/\/equimec.de\/de_de\/wp-json\/wp\/v2\/media\/1013"}],"wp:attachment":[{"href":"https:\/\/equimec.de\/de_de\/wp-json\/wp\/v2\/media?parent=269"}],"curies":[{"name":"wp","href":"https:\/\/api.w.org\/{rel}","templated":true}]}}