{"id":198,"date":"2023-07-23T17:41:59","date_gmt":"2023-07-23T17:41:59","guid":{"rendered":"https:\/\/equimec.de\/?page_id=198"},"modified":"2025-03-31T20:53:12","modified_gmt":"2025-03-31T18:53:12","slug":"dorntherapie","status":"publish","type":"page","link":"https:\/\/equimec.de\/de_de\/home\/leistungen\/therapieformen\/dorntherapie\/","title":{"rendered":"Dorntherapie"},"content":{"rendered":"\n<p class=\"has-small-font-size\"><a href=\"http:\/\/www.equimec.de\">EQUIMEC<\/a> > <a href=\"https:\/\/equimec.de\/pferdetherapie\/\">Pferdetherapie<\/a> > <a href=\"https:\/\/equimec.de\/home\/leistungen\/\">Leistungen<\/a> > <a href=\"https:\/\/equimec.de\/home\/leistungen\/therapieformen\/\" title=\"Therapieformen\">Therapieformen<\/a> > Dorntherapie<\/p>\n\n\n\n<p>Viele Reiter haben das Problem, dass sie ihre Pferde schwer biegen k\u00f6nnen, dass diese schlecht \u00fcber den R\u00fccken gehen oder Taktfehler haben. All das kann mit der Dorn-Therapie gel\u00f6st werden, da die Auff\u00e4lligkeiten oft mit einem Schiefstand in Becken und\/oder Schulter zusammenh\u00e4ngen. Durch diese Fehlstellungen kommt es \u00fcber die Zeit zu einer Schonhaltung, die sich die Pferde aneignen, und in der Folge zu Blockaden der Wirbels\u00e4ule und der umliegenden Muskelgruppen.<\/p>\n\n\n\n<p>Wie schnell diese Blockaden gel\u00f6st werden k\u00f6nnen, h\u00e4ngt davon ab, wie lange das Pferd diese schon mit sich herumtr\u00e4gt. Nat\u00fcrlich spielt auch der Charakter des Tieres f\u00fcr die Behandlung eine Rolle. Bei misstrauischen Pferden ben\u00f6tigt der Therapeut etwas mehr Zeit f\u00fcr die Behandlung, da er zun\u00e4chst ihr Vertrauen gewinnen muss. Nur wenn der Patient sich auf die Behandlung einl\u00e4sst, kann ein nachhaltiger Erfolg erzielt werden.<\/p>\n\n\n\n<h2 class=\"wp-block-heading\">Indikationen:<\/h2>\n\n\n\n<ul class=\"wp-block-list\">\n<li>Taktfehler<\/li>\n\n\n\n<li>R\u00fcckenbeschwerden<\/li>\n\n\n\n<li>schiefe K\u00f6rperhaltung<\/li>\n\n\n\n<li>unterschiedliche Formen der Lahmheit bzw. gest\u00f6rte Bewegungsabl\u00e4ufe<\/li>\n\n\n\n<li>Probleme beim R\u00fcckw\u00e4rtstreten oder bei Seiteng\u00e4ngen<\/li>\n\n\n\n<li>Probleme bei der Stellung bzw. Biegung des Pferdes<\/li>\n\n\n\n<li>auff\u00e4llige Haltung von Kopf, Hals und Schweif<\/li>\n\n\n\n<li>Einklemmen des Schweifs<\/li>\n\n\n\n<li>fehlende Versammlungsbereitschaft<\/li>\n\n\n\n<li>Probleme beim Galoppwechsel, Kreuzgalopp<\/li>\n\n\n\n<li>mangelnde Lastaufnahme<\/li>\n\n\n\n<li>Schulterverspannungen<\/li>\n\n\n\n<li>Hindernisfehler oder Verweigerungen am Sprung<\/li>\n\n\n\n<li>h\u00e4ufiges Stolpern<\/li>\n\n\n\n<li>Prophylaxe bei Sportpferden<\/li>\n<\/ul>\n\n\n\n<p><\/p>\n","protected":false},"excerpt":{"rendered":"<p>EQUIMEC > Pferdetherapie > Leistungen > Therapieformen > Dorntherapie Viele Reiter haben das Problem, dass sie ihre Pferde schwer biegen<\/p>\n","protected":false},"author":1,"featured_media":561,"parent":126,"menu_order":4,"comment_status":"closed","ping_status":"closed","template":"","meta":{"om_disable_all_campaigns":false,"_monsterinsights_skip_tracking":false,"_monsterinsights_sitenote_active":false,"_monsterinsights_sitenote_note":"","_monsterinsights_sitenote_category":0,"footnotes":""},"class_list":["post-198","page","type-page","status-publish","has-post-thumbnail","hentry"],"aioseo_notices":[],"_links":{"self":[{"href":"https:\/\/equimec.de\/de_de\/wp-json\/wp\/v2\/pages\/198","targetHints":{"allow":["GET"]}}],"collection":[{"href":"https:\/\/equimec.de\/de_de\/wp-json\/wp\/v2\/pages"}],"about":[{"href":"https:\/\/equimec.de\/de_de\/wp-json\/wp\/v2\/types\/page"}],"author":[{"embeddable":true,"href":"https:\/\/equimec.de\/de_de\/wp-json\/wp\/v2\/users\/1"}],"replies":[{"embeddable":true,"href":"https:\/\/equimec.de\/de_de\/wp-json\/wp\/v2\/comments?post=198"}],"version-history":[{"count":5,"href":"https:\/\/equimec.de\/de_de\/wp-json\/wp\/v2\/pages\/198\/revisions"}],"predecessor-version":[{"id":1083,"href":"https:\/\/equimec.de\/de_de\/wp-json\/wp\/v2\/pages\/198\/revisions\/1083"}],"up":[{"embeddable":true,"href":"https:\/\/equimec.de\/de_de\/wp-json\/wp\/v2\/pages\/126"}],"wp:featuredmedia":[{"embeddable":true,"href":"https:\/\/equimec.de\/de_de\/wp-json\/wp\/v2\/media\/561"}],"wp:attachment":[{"href":"https:\/\/equimec.de\/de_de\/wp-json\/wp\/v2\/media?parent=198"}],"curies":[{"name":"wp","href":"https:\/\/api.w.org\/{rel}","templated":true}]}}