{"id":196,"date":"2023-07-23T17:41:29","date_gmt":"2023-07-23T17:41:29","guid":{"rendered":"https:\/\/equimec.de\/?page_id=196"},"modified":"2025-03-31T20:53:31","modified_gmt":"2025-03-31T18:53:31","slug":"manuelle-therapie","status":"publish","type":"page","link":"https:\/\/equimec.de\/de_de\/home\/leistungen\/therapieformen\/manuelle-therapie\/","title":{"rendered":"Manuelle Therapie"},"content":{"rendered":"\n<p class=\"has-small-font-size\"><a href=\"http:\/\/www.equimec.de\">EQUIMEC<\/a> > <a href=\"https:\/\/equimec.de\/pferdetherapie\/\">Pferdetherapie<\/a> > <a href=\"https:\/\/equimec.de\/home\/leistungen\/\">Leistungen<\/a> > <a href=\"https:\/\/equimec.de\/home\/leistungen\/therapieformen\/\" title=\"Therapieformen\">Therapieformen<\/a> > Manuelle Therapie<\/p>\n\n\n\n<p>Blockierungen und Blockaden beim Pferd f\u00fchren nicht nur zu Problemen im Bewegungsablauf, sondern auch zu Schmerzen, zu stressinduzierenden Schwierigkeiten mit der Balance, zu einer Einschr\u00e4nkung in Organfunktionen oder Ver\u00e4nderungen im Verhalten. Mittels manueller Therapie kann die urspr\u00fcngliche Beweglichkeit wiederhergestellt werden, was auch zu einem f\u00fcr den Therapieerfolg oftmals entscheidenden Senken propriozeptiver Reize f\u00fchrt.<\/p>\n\n\n\n<p>Manuelle Therapien umfassen Methoden aus der <a href=\"https:\/\/equimec.de\/home\/leistungen\/physiotherapie\/\">Physiotherapie<\/a>, der <a href=\"https:\/\/equimec.de\/home\/leistungen\/osteopathie\/\">Osteopathie<\/a>, der <a href=\"https:\/\/equimec.de\/home\/leistungen\/chiropraktiker\/\">Chiropraktik<\/a>, aber auch aus der Kinesiologie, der Traditionellen Chinesischen Medizin oder speziellen Anwendungen aus der Energiearbeit.<\/p>\n\n\n\n<p>Das Ziel jeder manuellen Behandlung ist die Beseitigung von Bewegungseinschr\u00e4nkungen. Blockierte Strukturen bewegen sich nicht oder zu wenig, was sich als verminderte Beweglichkeit und Gleitf\u00e4higkeit im Bewegungsapparat zeigt, in einer gest\u00f6rten Funktion des Nervensystems und in einer Behinderung im freien Fluss der K\u00f6rperfl\u00fcssigkeiten (Blut, Lymphe, Gehirnfl\u00fcssigkeit).&nbsp;<\/p>\n","protected":false},"excerpt":{"rendered":"<p>EQUIMEC > Pferdetherapie > Leistungen > Therapieformen > Manuelle Therapie Blockierungen und Blockaden beim Pferd f\u00fchren nicht nur zu Problemen<\/p>\n","protected":false},"author":1,"featured_media":560,"parent":126,"menu_order":6,"comment_status":"closed","ping_status":"closed","template":"","meta":{"om_disable_all_campaigns":false,"_monsterinsights_skip_tracking":false,"_monsterinsights_sitenote_active":false,"_monsterinsights_sitenote_note":"","_monsterinsights_sitenote_category":0,"footnotes":""},"class_list":["post-196","page","type-page","status-publish","has-post-thumbnail","hentry"],"aioseo_notices":[],"_links":{"self":[{"href":"https:\/\/equimec.de\/de_de\/wp-json\/wp\/v2\/pages\/196","targetHints":{"allow":["GET"]}}],"collection":[{"href":"https:\/\/equimec.de\/de_de\/wp-json\/wp\/v2\/pages"}],"about":[{"href":"https:\/\/equimec.de\/de_de\/wp-json\/wp\/v2\/types\/page"}],"author":[{"embeddable":true,"href":"https:\/\/equimec.de\/de_de\/wp-json\/wp\/v2\/users\/1"}],"replies":[{"embeddable":true,"href":"https:\/\/equimec.de\/de_de\/wp-json\/wp\/v2\/comments?post=196"}],"version-history":[{"count":8,"href":"https:\/\/equimec.de\/de_de\/wp-json\/wp\/v2\/pages\/196\/revisions"}],"predecessor-version":[{"id":1084,"href":"https:\/\/equimec.de\/de_de\/wp-json\/wp\/v2\/pages\/196\/revisions\/1084"}],"up":[{"embeddable":true,"href":"https:\/\/equimec.de\/de_de\/wp-json\/wp\/v2\/pages\/126"}],"wp:featuredmedia":[{"embeddable":true,"href":"https:\/\/equimec.de\/de_de\/wp-json\/wp\/v2\/media\/560"}],"wp:attachment":[{"href":"https:\/\/equimec.de\/de_de\/wp-json\/wp\/v2\/media?parent=196"}],"curies":[{"name":"wp","href":"https:\/\/api.w.org\/{rel}","templated":true}]}}