{"id":187,"date":"2023-07-23T17:26:09","date_gmt":"2023-07-23T17:26:09","guid":{"rendered":"https:\/\/equimec.de\/?page_id=187"},"modified":"2025-03-31T20:52:07","modified_gmt":"2025-03-31T18:52:07","slug":"physiotherapie","status":"publish","type":"page","link":"https:\/\/equimec.de\/de_de\/home\/leistungen\/therapieformen\/physiotherapie\/","title":{"rendered":"Physiotherapie"},"content":{"rendered":"\n<p class=\"has-small-font-size\"><a href=\"http:\/\/www.equimec.de\">EQUIMEC<\/a> > <a href=\"https:\/\/equimec.de\/pferdetherapie\/\">Pferdetherapie<\/a> > <a href=\"https:\/\/equimec.de\/home\/leistungen\/\">Leistungen<\/a> > <a href=\"https:\/\/equimec.de\/home\/leistungen\/therapieformen\/\" title=\"Therapieformen\">Therapieformen<\/a> > Physiotherapie<\/p>\n\n\n\n<h3 class=\"wp-block-heading\">Physio\u00adtherapie akti\u00adviert die Selbst\u00adhei\u00adlung<\/h3>\n\n\n\n<p>Physio\u00adtherapie ist ein nat\u00fcrliches Heil\u00adverfahren, das mit&nbsp;<strong>aktiver und passiver Bewegung<\/strong>&nbsp;des Tieres die Heilung des Bewegungs\u00adapparats f\u00f6rdern und gleichzeitig Krank\u00adheiten vorbeugen soll.<\/p>\n\n\n\n<ul class=\"wp-block-list\">\n<li>Gelenkblockaden mobilisieren und beheben<\/li>\n\n\n\n<li>Bindegewebsmassage \/ Faszientechniken<\/li>\n\n\n\n<li>L\u00f6sen von Verspannungen und Verklebungen<\/li>\n\n\n\n<li>Massage und Muskeldehnung<\/li>\n\n\n\n<li>Stresspunktmassage nach Jack Maegher<\/li>\n<\/ul>\n\n\n\n<h3 class=\"wp-block-heading\">Wann ist Physiotherapie sinnvoll?<\/h3>\n\n\n\n<p>Wenn die Behandlung auf die Bed\u00fcrfnisse und Beschwerden des Pferdes abgestimmt, ist Physiotherapie f\u00fcr jedes Pferd sinnvoll. Und zwar:<\/p>\n\n\n\n<ul class=\"wp-block-list\">\n<li><strong>vor dem Einreiten<\/strong>, um Schwach\u00adstellen an Gelenken und Muskeln mit physio\u00adthera\u00adpeutischen Methoden gezielt und schonend zu trainieren.<\/li>\n\n\n\n<li><strong>als pr\u00e4ventive Ma\u00df\u00adnahme<\/strong>, um den Be\u00adwegungs\u00adapparat insbesondere von Sport\u00adpferden gesund zu halten.<\/li>\n\n\n\n<li><strong>bei Dysfunktionen<\/strong>&nbsp;(Funktions\u00adst\u00f6rungen)&nbsp;<strong>oder L\u00e4sionen<\/strong>&nbsp;(Verletzungen einer anatomischen Struktur), um die Genesung zu beschleunigen.<\/li>\n\n\n\n<li><strong>erg\u00e4nzend zur klassischen Schul\u00admedizin<\/strong>, um Verletzungen und Blockaden zu behandeln.<\/li>\n\n\n\n<li><strong>als Behandlungsalternative<\/strong>, wenn die schul\u00admedizinische Behandlung nicht anschl\u00e4gt und das Pferd weiterhin Schmerzen hat oder lahmt.<\/li>\n<\/ul>\n\n\n\n<p>Behandlung im Detail<\/p>\n\n\n\n<h2 class=\"wp-block-heading\">So l\u00e4uft Physio\u00adtherapie f\u00fcrs Pferd ab<\/h2>\n\n\n\n<p>Gezielte Physiotherapie beim Pferd kann Schmerzen lindern, Blockaden oder Verspannungen l\u00f6sen und Fehlstellungen des Bewegungsapparats beheben. <\/p>\n\n\n\n<h3 class=\"wp-block-heading\">1 | Vorbereitung<\/h3>\n\n\n\n<p>Vor der Erst\u00adunter\u00adsuchung und -behandlung sollte das Pferd sich nicht an\u00adstrengen und trocken stehen. Die medi\u00adka\u00adment\u00f6se Schmerz\u00adbehand\u00adlung sollte abge\u00adschlossen sein, damit das nat\u00fcrliche Bewegungs\u00adverhalten beobachtet werden kann.<\/p>\n\n\n\n<h3 class=\"wp-block-heading\">2 | Ausf\u00fchrliche Anamnese<\/h3>\n\n\n\n<p>Ich lerne das Pferd besser kennen und verschafft mir einen \u00dcberblick \u00fcber Vorerkrankungen und akute Beschwerden. Dabei hilft mir ein Gespr\u00e4ch mit dem Besitzer. Aber auch die Kranken\u00adakte oder ein \u00dcbergabe\u00addokument des behandelnden Veterin\u00e4rs.<\/p>\n\n\n\n<h3 class=\"wp-block-heading\">3 | Beschauung und manueller Tastbefund<\/h3>\n\n\n\n<p>Das Tier wird im Stand und in den Gangarten Schritt, Trab und Galopp gemustert. Um Fehlstellungen, Blockaden und Dysfunktionen zu erkennen, werden Gelenke und Muskeln nach Ver\u00adh\u00e4rtungen abgetastet.<\/p>\n\n\n\n<h3 class=\"wp-block-heading\">4 | Erstellung des Therapieplans<\/h3>\n\n\n\n<p>Je nachdem, welche Dysfunktionen oder L\u00e4sionen (Verletzungen) vorliegen, erarbeite ich einen individuellen Be\u00adhand\u00adlungs\u00adplan f\u00fcr das Pferd. Bei leichten Blockaden oder Verspannungen reicht oft eine einmalige Be\u00adhand\u00adlung aus. Bei schweren L\u00e4sionen sind regelm\u00e4\u00dfige Sitzungen empfehlens\u00adwert.<\/p>\n\n\n\n<h3 class=\"wp-block-heading\">5 | Physio\u00adthera\u00adpeutische Behandlung<\/h3>\n\n\n\n<p>Ich arbeite bei Pferden mit Massagen, Ein\u00adrenken, Mobili\u00adsierung und Mani\u00adpulation (kurze und schnelle Bewegungs\u00adimpulse, um Blockaden zu l\u00f6sen). Eine Sitzung dauert etwa eine Stunde.<\/p>\n\n\n\n<h3 class=\"wp-block-heading\">6 | Ruhe f\u00fcr das Pferd<\/h3>\n\n\n\n<p>Durch intensives Bearbeiten der Muskeln und Gelenke kann das Pferd einen Muskel\u00adkater bekommen. Um das Tier nicht zu \u00fcber\u00adlasten und die Therapie nach\u00adwirken zu lassen, sollten Sie es nach jeder physio\u00adtherapeutischen Behandlung etwa drei Tage lang nicht reiten.<\/p>\n","protected":false},"excerpt":{"rendered":"<p>EQUIMEC > Pferdetherapie > Leistungen > Therapieformen > Physiotherapie Physio\u00adtherapie akti\u00adviert die Selbst\u00adhei\u00adlung Physio\u00adtherapie ist ein nat\u00fcrliches Heil\u00adverfahren, das mit&nbsp;aktiver<\/p>\n","protected":false},"author":1,"featured_media":557,"parent":126,"menu_order":1,"comment_status":"closed","ping_status":"closed","template":"","meta":{"om_disable_all_campaigns":false,"_monsterinsights_skip_tracking":false,"_monsterinsights_sitenote_active":false,"_monsterinsights_sitenote_note":"","_monsterinsights_sitenote_category":0,"footnotes":""},"class_list":["post-187","page","type-page","status-publish","has-post-thumbnail","hentry"],"aioseo_notices":[],"_links":{"self":[{"href":"https:\/\/equimec.de\/de_de\/wp-json\/wp\/v2\/pages\/187","targetHints":{"allow":["GET"]}}],"collection":[{"href":"https:\/\/equimec.de\/de_de\/wp-json\/wp\/v2\/pages"}],"about":[{"href":"https:\/\/equimec.de\/de_de\/wp-json\/wp\/v2\/types\/page"}],"author":[{"embeddable":true,"href":"https:\/\/equimec.de\/de_de\/wp-json\/wp\/v2\/users\/1"}],"replies":[{"embeddable":true,"href":"https:\/\/equimec.de\/de_de\/wp-json\/wp\/v2\/comments?post=187"}],"version-history":[{"count":10,"href":"https:\/\/equimec.de\/de_de\/wp-json\/wp\/v2\/pages\/187\/revisions"}],"predecessor-version":[{"id":1080,"href":"https:\/\/equimec.de\/de_de\/wp-json\/wp\/v2\/pages\/187\/revisions\/1080"}],"up":[{"embeddable":true,"href":"https:\/\/equimec.de\/de_de\/wp-json\/wp\/v2\/pages\/126"}],"wp:featuredmedia":[{"embeddable":true,"href":"https:\/\/equimec.de\/de_de\/wp-json\/wp\/v2\/media\/557"}],"wp:attachment":[{"href":"https:\/\/equimec.de\/de_de\/wp-json\/wp\/v2\/media?parent=187"}],"curies":[{"name":"wp","href":"https:\/\/api.w.org\/{rel}","templated":true}]}}